{"id":102,"date":"2024-03-13T20:22:12","date_gmt":"2024-03-13T19:22:12","guid":{"rendered":"https:\/\/concours2024.languepicarde.fr\/?page_id=102"},"modified":"2025-02-25T06:23:51","modified_gmt":"2025-02-25T05:23:51","slug":"jeu-n1-lafleur-pi-ptitjacques","status":"publish","type":"page","link":"https:\/\/concours2025.languepicarde.fr\/index.php\/jeu-n1-lafleur-pi-ptitjacques\/","title":{"rendered":"Jeu 1 &#8211; Lafleur pi P&rsquo;tit Jacques"},"content":{"rendered":"<p>[et_pb_section fb_built=\u00a0\u00bb1&Prime; _builder_version=\u00a0\u00bb4.24.0&Prime; _module_preset=\u00a0\u00bbdefault\u00a0\u00bb custom_padding=\u00a0\u00bb10px|10px|10px|10px|false|false\u00a0\u00bb global_colors_info=\u00a0\u00bb{}\u00a0\u00bb][et_pb_row column_structure=\u00a0\u00bb1_4,3_4&Prime; use_custom_gutter=\u00a0\u00bbon\u00a0\u00bb _builder_version=\u00a0\u00bb4.24.0&Prime; _module_preset=\u00a0\u00bbdefault\u00a0\u00bb custom_margin=\u00a0\u00bb||-32px||false|false\u00a0\u00bb global_colors_info=\u00a0\u00bb{}\u00a0\u00bb][et_pb_column type=\u00a0\u00bb1_4&Prime; _builder_version=\u00a0\u00bb4.24.0&Prime; _module_preset=\u00a0\u00bbdefault\u00a0\u00bb global_colors_info=\u00a0\u00bb{}\u00a0\u00bb][et_pb_image src=\u00a0\u00bbhttps:\/\/concours2025.languepicarde.fr\/wp-content\/uploads\/2025\/02\/Tchotleu-maladroit&#8211;scaled.jpg\u00a0\u00bb alt=\u00a0\u00bbTchot Leu i minge \u00e9ne waufe\u00a0\u00bb title_text=\u00a0\u00bbTchot,leu maladroit\u00a0\u00bb align=\u00a0\u00bbcenter\u00a0\u00bb _builder_version=\u00a0\u00bb4.27.4&Prime; _module_preset=\u00a0\u00bbdefault\u00a0\u00bb max_height=\u00a0\u00bb256px\u00a0\u00bb custom_padding=\u00a0\u00bb||0px|||\u00a0\u00bb global_colors_info=\u00a0\u00bb{}\u00a0\u00bb][\/et_pb_image][\/et_pb_column][et_pb_column type=\u00a0\u00bb3_4&Prime; _builder_version=\u00a0\u00bb4.24.0&Prime; _module_preset=\u00a0\u00bbdefault\u00a0\u00bb global_colors_info=\u00a0\u00bb{}\u00a0\u00bb][et_pb_heading title=\u00a0\u00bbJeu num\u00e9ro 1 : Lafleur pi P&rsquo;tit Jacques\u00a0\u00bb _builder_version=\u00a0\u00bb4.27.4&Prime; _module_preset=\u00a0\u00bbdefault\u00a0\u00bb title_font=\u00a0\u00bbHabibi|700|||||||\u00a0\u00bb title_text_color=\u00a0\u00bb#0C71C3&Prime; animation_style=\u00a0\u00bbfade\u00a0\u00bb text_shadow_style=\u00a0\u00bbpreset3&Prime; text_shadow_blur_strength=\u00a0\u00bb0em\u00a0\u00bb text_shadow_color=\u00a0\u00bb#0C71C3&Prime; global_colors_info=\u00a0\u00bb{}\u00a0\u00bb][\/et_pb_heading][et_pb_text _builder_version=\u00a0\u00bb4.24.0&Prime; _module_preset=\u00a0\u00bbdefault\u00a0\u00bb global_colors_info=\u00a0\u00bb{}\u00a0\u00bb]<\/p>\n<p><span style=\"font-size: large;\">Lafleur pi P&rsquo;tit Jacques is sont cousins mais is n&rsquo;el saitte pon&#8230; adon is s&rsquo;in vont \u00e9canger d&rsquo;s SMS pour eus foaire connaissinche.\u00a0 Mais is buktte ed trop rade dzeur el touko\u00e8re pi is roblitte des mots.\u00a0<\/span><br \/><span style=\"font-size: large;\">Te t&rsquo;in vos leu bailler d&rsquo;l&rsquo;\u00e9yude in ajoutant ch\u00e9s mots qu&rsquo;is manktte.<\/span><\/p>\n<p><span style=\"font-size: large;\"><i>Lafleur et P&rsquo;tit Jacques sont cousins mais l&rsquo;ignorent&#8230; alors ils vont \u00e9changer des SMS pour faire connaissance. Mais, ils tapent trop vite sur le clavier et ils oublient des mots.<br \/>Tu vas leur apporter de l&rsquo;aide en ajoutant les mots manquants.<\/i><\/span><\/p>\n<p>&nbsp;<\/p>\n<p>[\/et_pb_text][\/et_pb_column][\/et_pb_row][et_pb_row column_structure=\u00a0\u00bb3_5,2_5&Prime; use_custom_gutter=\u00a0\u00bbon\u00a0\u00bb _builder_version=\u00a0\u00bb4.24.0&Prime; _module_preset=\u00a0\u00bbdefault\u00a0\u00bb custom_padding=\u00a0\u00bb||0px||false|false\u00a0\u00bb global_colors_info=\u00a0\u00bb{}\u00a0\u00bb][et_pb_column type=\u00a0\u00bb3_5&Prime; _builder_version=\u00a0\u00bb4.24.0&Prime; _module_preset=\u00a0\u00bbdefault\u00a0\u00bb global_colors_info=\u00a0\u00bb{}\u00a0\u00bb][et_pb_text _builder_version=\u00a0\u00bb4.27.4&Prime; _module_preset=\u00a0\u00bbdefault\u00a0\u00bb text_font=\u00a0\u00bbABeeZee||||||||\u00a0\u00bb width=\u00a0\u00bb100%\u00a0\u00bb border_color_all=\u00a0\u00bbgcid-cb667412-e529-418a-a747-627187b801a6&Prime; global_colors_info=\u00a0\u00bb{%22gcid-cb667412-e529-418a-a747-627187b801a6%22:%91%22border_color_all%22%93}\u00a0\u00bb]<\/p>\n<p>Voici les mots manquants \u00e0 placer dans la lettre :<\/p>\n<p><b>bi\u00e8les &#8211; ersanne &#8211; jonne &#8211; toudis<br \/><\/b><\/p>\n<p>[\/et_pb_text][\/et_pb_column][et_pb_column type=\u00a0\u00bb2_5&Prime; _builder_version=\u00a0\u00bb4.24.0&Prime; _module_preset=\u00a0\u00bbdefault\u00a0\u00bb global_colors_info=\u00a0\u00bb{}\u00a0\u00bb][et_pb_text _builder_version=\u00a0\u00bb4.27.4&Prime; _module_preset=\u00a0\u00bbdefault\u00a0\u00bb text_font=\u00a0\u00bbABeeZee||||||||\u00a0\u00bb border_radii=\u00a0\u00bboff||||\u00a0\u00bb border_color_all=\u00a0\u00bbgcid-cb667412-e529-418a-a747-627187b801a6&Prime; global_colors_info=\u00a0\u00bb{%22gcid-cb667412-e529-418a-a747-627187b801a6%22:%91%22border_color_all%22%93}\u00a0\u00bb]<\/p>\n<p><em>Voici les mots que tu ne connais peut-\u00eatre pas :<\/em><\/p>\n<p><i><strong>cabotan <\/strong>: marionnette, <strong>t\u00e9yate <\/strong>: th\u00e9\u00e2tre, <strong>rouche <\/strong>: rouge, <strong>j&rsquo;o k\u00e9r <\/strong>: j&rsquo;aime, <strong>chir\u00e9es <\/strong>: cir\u00e9es<\/i><\/p>\n<p>[\/et_pb_text][\/et_pb_column][\/et_pb_row][et_pb_row _builder_version=\u00a0\u00bb4.24.2&Prime; _module_preset=\u00a0\u00bbdefault\u00a0\u00bb custom_margin=\u00a0\u00bb||||false|false\u00a0\u00bb global_colors_info=\u00a0\u00bb{}\u00a0\u00bb][et_pb_column type=\u00a0\u00bb4_4&Prime; _builder_version=\u00a0\u00bb4.24.0&Prime; _module_preset=\u00a0\u00bbdefault\u00a0\u00bb global_colors_info=\u00a0\u00bb{}\u00a0\u00bb][et_pb_text module_id=\u00a0\u00bbtrou\u00a0\u00bb module_class=\u00a0\u00bbtrou\u00a0\u00bb _builder_version=\u00a0\u00bb4.27.4&Prime; _module_preset=\u00a0\u00bbdefault\u00a0\u00bb custom_css_free_form=\u00a0\u00bb\/* Param\u00e8tres pour les formulaires Contact Form 7 *\/||div.trou { ||background-color: #fbefde;||border: 3px solid #364b99;||padding:20px;||}||.trou input%91type=%22text%22%93,||.trou input%91type=%22email%22%93,||.trou textarea {||background:#fff;||color:#000;||font-family:lora, sans-serif; ||font-style:italic;    ||}||.trou input%91type=%22submit%22%93,||.trou input%91type=%22button%22%93 { ||background-color:#364b99;||border: 1px solid #93c01f;||color: #93c01f;||text-align:center;||padding: 12px;||font-size: 16px||}\u00a0\u00bb global_colors_info=\u00a0\u00bb{}\u00a0\u00bb]<\/p>\n\n<div class=\"wpcf7 no-js\" id=\"wpcf7-f49907-o1\" lang=\"fr-FR\" dir=\"ltr\" data-wpcf7-id=\"49907\">\n<div class=\"screen-reader-response\"><p role=\"status\" aria-live=\"polite\" aria-atomic=\"true\"><\/p> <ul><\/ul><\/div>\n<form action=\"\/index.php\/wp-json\/wp\/v2\/pages\/102#wpcf7-f49907-o1\" method=\"post\" class=\"wpcf7-form init\" aria-label=\"Formulaire de contact\" novalidate=\"novalidate\" data-status=\"init\">\n<fieldset class=\"hidden-fields-container\"><input type=\"hidden\" name=\"_wpcf7\" value=\"49907\" \/><input type=\"hidden\" name=\"_wpcf7_version\" value=\"6.1.5\" \/><input type=\"hidden\" name=\"_wpcf7_locale\" value=\"fr_FR\" \/><input type=\"hidden\" name=\"_wpcf7_unit_tag\" value=\"wpcf7-f49907-o1\" \/><input type=\"hidden\" name=\"_wpcf7_container_post\" value=\"0\" \/><input type=\"hidden\" name=\"_wpcf7_posted_data_hash\" value=\"\" \/>\n<\/fieldset>\n<style>\n .lafleur {\n margin-left: 2cm;\n }\n<\/style>\n<p><strong>Petit Jacques<\/strong> : Bonjour Lafleur. Ch\u2019est mi, Petit Jacques ed Lille. Ej pinse qu\u2019os sonmes parints. Min <img loading=\"lazy\" decoding=\"async\" src=\"http:\/\/concours2025.languepicarde.fr\/wp-content\/uploads\/2025\/02\/4.jpg\" alt=\"Grand-p\u00e8re\" width=\"25\" height=\"15\" \/> i vous <span class=\"wpcf7-form-control-wrap\" data-name=\"trou\"><input size=\"8\" maxlength=\"400\" class=\"wpcf7-form-control wpcf7-text\" readonly=\"readonly\" aria-invalid=\"false\" value=\"\" type=\"text\" name=\"trou\" \/><\/span>\n<\/p>\n<p class=\"lafleur\"><strong>Lafleur<\/strong> : Bonjour Petit Jacques. Jacques ed Lille, ch\u2019est min cousin ! Li i \u00e9to\u00e9t cabotan din ch\u00e9s t\u00e9yates ed Lille et pi mi din ch\u00e9s t\u00e9yates d\u2019Anmien.\n<\/p>\n<p><strong>Petit Jacques<\/strong> : Li, i n\u2019o point ed <img loading=\"lazy\" decoding=\"async\" src=\"http:\/\/concours2025.languepicarde.fr\/wp-content\/uploads\/2025\/02\/3.jpg\" alt=\"Capiau\" width=\"50\" height=\"25\" \/>\n<\/p>\n<p class=\"lafleur\"><strong>Lafleur<\/strong> : Quand qu\u2019i \u00e9to\u00e9t <span class=\"wpcf7-form-control-wrap\" data-name=\"trou\"><input size=\"8\" maxlength=\"400\" class=\"wpcf7-form-control wpcf7-text\" readonly=\"readonly\" aria-invalid=\"false\" value=\"\" type=\"text\" name=\"trou\" \/><\/span> i avo\u00e9t comme mi, in tricorne et pi des rouches <img loading=\"lazy\" decoding=\"async\" src=\"http:\/\/concours2025.languepicarde.fr\/wp-content\/uploads\/2025\/02\/habits.png\" alt=\"rhabillures\" width=\"70\" height=\"30\" \/>\n<\/p>\n<p><strong>Petit Jacques<\/strong> : Et pi ch\u00e9s longues <img loading=\"lazy\" decoding=\"async\" src=\"http:\/\/concours2025.languepicarde.fr\/wp-content\/uploads\/2025\/02\/2.jpg\" alt=\"cauchettes\" width=\"20\" height=\"5\" \/> Ch\u2019est estyl\u00e9 ! <img loading=\"lazy\" decoding=\"async\" src=\"http:\/\/concours2025.languepicarde.fr\/wp-content\/uploads\/2025\/02\/Capture.jpg\" alt=\"\u00e9moticone\" width=\"30\" height=\"20\" \/>\n<\/p>\n<p class=\"lafleur\"><strong>Lafleur<\/strong> : W\u00e9, trop <span class=\"wpcf7-form-control-wrap\" data-name=\"trou\"><input size=\"8\" maxlength=\"400\" class=\"wpcf7-form-control wpcf7-text\" readonly=\"readonly\" aria-invalid=\"false\" value=\"\" type=\"text\" name=\"trou\" \/><\/span> ! Pour Jacques is \u00e9to\u00e9tte edcouleur <img loading=\"lazy\" decoding=\"async\" src=\"http:\/\/concours2025.languepicarde.fr\/wp-content\/uploads\/2025\/02\/1.jpg\" alt=\"blanques\" width=\"40\" height=\"10\" \/> et pour mi rouche et pi <img loading=\"lazy\" decoding=\"async\" src=\"http:\/\/concours2025.languepicarde.fr\/wp-content\/uploads\/2025\/02\/1.jpg\" alt=\"blanques\" width=\"40\" height=\"10\" \/>\n<\/p>\n<p><strong>Petit Jacques<\/strong> : Mi j\u2019o ker ses <img loading=\"lazy\" decoding=\"async\" src=\"http:\/\/concours2025.languepicarde.fr\/wp-content\/uploads\/2025\/02\/6.jpg\" alt=\"cauchures\" width=\"40\" height=\"10\" \/> ! <img loading=\"lazy\" decoding=\"async\" src=\"http:\/\/concours2025.languepicarde.fr\/wp-content\/uploads\/2025\/02\/Emoji-2.png\" alt=\"\u00c9moji 2\" width=\"30\" height=\"10\" \/>\n<\/p>\n<p class=\"lafleur\"><strong>Lafleur<\/strong> : W\u00e9, <span class=\"wpcf7-form-control-wrap\" data-name=\"trou\"><input size=\"8\" maxlength=\"400\" class=\"wpcf7-form-control wpcf7-text\" readonly=\"readonly\" aria-invalid=\"false\" value=\"\" type=\"text\" name=\"trou\" \/><\/span> bien chir\u00e9es ! Complimints Petit Jacques, t\u2019os point perdu tin picard.\n<\/p>\n<p><strong>Petit Jacques<\/strong> : Ch\u2019est min <img loading=\"lazy\" decoding=\"async\" src=\"http:\/\/concours2025.languepicarde.fr\/wp-content\/uploads\/2025\/02\/4.jpg\" alt=\"Grand-p\u00e8re\" width=\"25\" height=\"15\" \/> qu\u2019i m\u2019l\u2019o aprins ! <img loading=\"lazy\" decoding=\"async\" src=\"http:\/\/concours2025.languepicarde.fr\/wp-content\/uploads\/2025\/02\/Coeur.png\" alt=\"Coeur\" width=\"30\" height=\"15\" \/> Ad\u00e9 Lafleur !\n<\/p>\n<p class=\"lafleur\"><img decoding=\"async\" src=\"http:\/\/concours2025.lang\n<\/p><p style=\"display: none !important;\" class=\"akismet-fields-container\" data-prefix=\"_wpcf7_ak_\"><label>&#916;<textarea name=\"_wpcf7_ak_hp_textarea\" cols=\"45\" rows=\"8\" maxlength=\"100\"><\/textarea><\/label><input type=\"hidden\" id=\"ak_js_1\" name=\"_wpcf7_ak_js\" value=\"33\"\/><script type=\"text\/javascript\">\n\/* <![CDATA[ *\/\ndocument.getElementById( \"ak_js_1\" ).setAttribute( \"value\", ( new Date() ).getTime() );\n\/* ]]> *\/\n<\/script>\n<\/p><div class=\"wpcf7-response-output\" aria-hidden=\"true\"><\/div>\n<\/form>\n<\/div>\n\n<p>[\/et_pb_text][\/et_pb_column][\/et_pb_row][et_pb_row column_structure=\u00a0\u00bb3_5,2_5&Prime; _builder_version=\u00a0\u00bb4.24.2&Prime; _module_preset=\u00a0\u00bbdefault\u00a0\u00bb global_colors_info=\u00a0\u00bb{}\u00a0\u00bb][et_pb_column type=\u00a0\u00bb3_5&Prime; _builder_version=\u00a0\u00bb4.24.2&Prime; _module_preset=\u00a0\u00bbdefault\u00a0\u00bb global_colors_info=\u00a0\u00bb{}\u00a0\u00bb][et_pb_text _builder_version=\u00a0\u00bb4.27.4&Prime; _module_preset=\u00a0\u00bbdefault\u00a0\u00bb text_font_size=\u00a0\u00bb19px\u00a0\u00bb global_colors_info=\u00a0\u00bb{}\u00a0\u00bb]<\/p>\n<p>Buke ech bouton \u00e0 main dro\u00e8te pour ti t\u00e9l\u00e9kerker el lette pi pour ti l&rsquo;rimplir din ch&rsquo;cassis. Quand qu&rsquo;ch&rsquo;est foait, mets-ll\u00e9 au rado aveuc tes canjmints.<\/p>\n<p><em>T\u00e9l\u00e9charge la lettre en appuyant sur le bouton \u00e0 droite afin de la remplir \u00e0 l&rsquo;\u00e9cran. Une fois termin\u00e9, sauvegarde la lettre avec tes changements.<\/em><\/p>\n<p>Tu peux remplir le formulaire en utilisant <a href=\"https:\/\/get.adobe.com\/fr\/reader\/\" target=\"_blank\" rel=\"noopener\">Acrobat Reader<\/a>.<\/p>\n<p>[\/et_pb_text][\/et_pb_column][et_pb_column type=\u00a0\u00bb2_5&Prime; _builder_version=\u00a0\u00bb4.24.2&Prime; _module_preset=\u00a0\u00bbdefault\u00a0\u00bb global_colors_info=\u00a0\u00bb{}\u00a0\u00bb][et_pb_text _builder_version=\u00a0\u00bb4.27.4&Prime; _module_preset=\u00a0\u00bb4917274a-f636-4557-9073-eed74cb1e78a\u00a0\u00bb text_orientation=\u00a0\u00bbcenter\u00a0\u00bb custom_margin=\u00a0\u00bb||-32px||false|false\u00a0\u00bb custom_padding=\u00a0\u00bb||||false|false\u00a0\u00bb hover_enabled=\u00a0\u00bb0&Prime; global_colors_info=\u00a0\u00bb{}\u00a0\u00bb sticky_enabled=\u00a0\u00bb0&Prime;]<\/p>\n\t<div className=\"qdbn-wrapper\">\n\t<div class=\"qdbn qdbp-pro\" \n\tdata-plugin-name=\"qdbn\"\n\tdata-style=\"large\"\n\tdata-file=\" hide-file\"\n\tdata-size=\" hide-size\"\n\tdata-icon-position=\"left\"\n\tstyle=\"\"\t\t>\n\t\t<div class=\"qdbn-download-button-inner\">\n\t\t\t<button class=\"g-btn f-l\" type=\"button\" title=\"T\u00e9l\u00e9charger le texte\" \n\t\t\t\t\t\t\t\t\t\t\t\t\tdata-msg=\"Please wait...\";\n\t\t\t\t\t\t\t\t\t\t\t\t\t\t\t\t\tdata-has-icon-dark=\"true\"\n\t\t\t\t\t\t\t\t\tdata-qdb-btn-id=\"7360179fe029\"\n\t\t\t\t\t\t\t\t\tdata-attachment-id=\"99218\" data-page-id=\"49238\" data-post-id=\"102\" \n\t\t\t\t\t\t\t\t\t\tdata-target-blank=\"false\"\n\t\t\t\t\t\t\t\t\t\tstyle=\"\"\t\t\t      >\n\t\t\t\t\t<span class=\"download-btn-icon\"><svg xmlns=\"http:\/\/www.w3.org\/2000\/svg\" viewBox=\"0 0 24 24\" width=\"22\" height=\"22\"><path d=\"M18 11.3l-1-1.1-4 4V3h-1.5v11.3L7 10.2l-1 1.1 6.2 5.8 5.8-5.8zm.5 3.7v3.5h-13V15H4v5h16v-5h-1.5z\" \/><\/svg><\/span>\n\t\t\t\t\t<span>T\u00e9l\u00e9charger le texte<\/span>\n\t\t\t<\/button>\n\n\t\t\t\t\t\t\t\t\t\t<p class=\"up\" style=\"\">\n\t\t\t\t\t\t<i class=\"fi fi-pdf\"><\/i>\n\t\t\t\t\t\t\t\t\t<\/p>\n\t\t\t\n\t\t\t\n\t\t<\/div>\n\t<\/div>\n\t<quick-download-button-info class=\"qdb-btn-info\"><\/quick-download-button-info>\n\t\t\t<\/div>\n\t\t\n<p>[\/et_pb_text][\/et_pb_column][\/et_pb_row][et_pb_row column_structure=\u00a0\u00bb2_5,3_5&Prime; _builder_version=\u00a0\u00bb4.27.4&Prime; _module_preset=\u00a0\u00bbdefault\u00a0\u00bb global_colors_info=\u00a0\u00bb{}\u00a0\u00bb][et_pb_column type=\u00a0\u00bb2_5&Prime; _builder_version=\u00a0\u00bb4.27.4&Prime; _module_preset=\u00a0\u00bbdefault\u00a0\u00bb global_colors_info=\u00a0\u00bb{}\u00a0\u00bb][et_pb_text _builder_version=\u00a0\u00bb4.27.4&Prime; _module_preset=\u00a0\u00bbdefault\u00a0\u00bb global_colors_info=\u00a0\u00bb{}\u00a0\u00bb]<\/p>\n<table border=\"1\" style=\"border-collapse: collapse; width: 100%; height: 144px;\">\n<tbody>\n<tr style=\"height: 24px;\">\n<td style=\"width: 50%; height: 24px;\"><img loading=\"lazy\" decoding=\"async\" src=\"https:\/\/concours2025.languepicarde.fr\/wp-content\/uploads\/2025\/02\/1.jpg\" width=\"95\" height=\"62\" alt=\"\" class=\"wp-image-49899 aligncenter size-full\" \/><\/td>\n<td style=\"width: 50%; height: 24px;\"><\/td>\n<\/tr>\n<tr style=\"height: 24px;\">\n<td style=\"width: 50%; height: 24px;\"><img loading=\"lazy\" decoding=\"async\" src=\"https:\/\/concours2025.languepicarde.fr\/wp-content\/uploads\/2025\/02\/2.jpg\" width=\"29\" height=\"58\" alt=\"\" class=\"wp-image-49900 aligncenter size-full\" \/><\/td>\n<td style=\"width: 50%; height: 24px;\"><\/td>\n<\/tr>\n<tr style=\"height: 24px;\">\n<td style=\"width: 50%; height: 24px;\"><img loading=\"lazy\" decoding=\"async\" src=\"https:\/\/concours2025.languepicarde.fr\/wp-content\/uploads\/2025\/02\/3.jpg\" width=\"104\" height=\"37\" alt=\"\" class=\"wp-image-49901 aligncenter size-full\" srcset=\"https:\/\/concours2025.languepicarde.fr\/wp-content\/uploads\/2025\/02\/3.jpg 155w, https:\/\/concours2025.languepicarde.fr\/wp-content\/uploads\/2025\/02\/3-150x55.jpg 150w\" sizes=\"(max-width: 104px) 100vw, 104px\" \/><\/td>\n<td style=\"width: 50%; height: 24px;\"><\/td>\n<\/tr>\n<tr style=\"height: 24px;\">\n<td style=\"width: 50%; height: 24px;\"><img loading=\"lazy\" decoding=\"async\" src=\"https:\/\/concours2025.languepicarde.fr\/wp-content\/uploads\/2025\/02\/4.jpg\" width=\"61\" height=\"83\" alt=\"\" class=\"wp-image-49902 aligncenter size-full\" \/><\/td>\n<td style=\"width: 50%; height: 24px;\"><\/td>\n<\/tr>\n<tr style=\"height: 24px;\">\n<td style=\"width: 50%; height: 24px;\"><img loading=\"lazy\" decoding=\"async\" src=\"https:\/\/concours2025.languepicarde.fr\/wp-content\/uploads\/2025\/02\/5.jpg\" width=\"121\" height=\"49\" alt=\"\" class=\"wp-image-49903 aligncenter size-full\" srcset=\"https:\/\/concours2025.languepicarde.fr\/wp-content\/uploads\/2025\/02\/5.jpg 385w, https:\/\/concours2025.languepicarde.fr\/wp-content\/uploads\/2025\/02\/5-300x121.jpg 300w\" sizes=\"(max-width: 121px) 100vw, 121px\" \/><\/td>\n<td style=\"width: 50%; height: 24px;\"><\/td>\n<\/tr>\n<tr style=\"height: 24px;\">\n<td style=\"width: 50%; height: 24px;\"><img loading=\"lazy\" decoding=\"async\" src=\"https:\/\/concours2025.languepicarde.fr\/wp-content\/uploads\/2025\/02\/6.jpg\" width=\"68\" height=\"49\" alt=\"\" class=\"wp-image-49904 aligncenter size-full\" \/><\/td>\n<td style=\"width: 50%; height: 24px;\"><\/td>\n<\/tr>\n<\/tbody>\n<\/table>\n<p>[\/et_pb_text][\/et_pb_column][et_pb_column type=\u00a0\u00bb3_5&Prime; _builder_version=\u00a0\u00bb4.27.4&Prime; _module_preset=\u00a0\u00bbdefault\u00a0\u00bb global_colors_info=\u00a0\u00bb{}\u00a0\u00bb][et_pb_text _builder_version=\u00a0\u00bb4.27.4&Prime; _module_preset=\u00a0\u00bbdefault\u00a0\u00bb text_font_size=\u00a0\u00bb18px\u00a0\u00bb width=\u00a0\u00bb90%\u00a0\u00bb custom_margin=\u00a0\u00bb|||28px|false|false\u00a0\u00bb global_colors_info=\u00a0\u00bb{}\u00a0\u00bb]<\/p>\n<p>Achteure ravise ech tablieu \u00e0 gueuche pi cache din ch&rsquo;diccionnoaire fondamintal fran\u00e7ais\/picard apr\u00e8s ch\u00e9s mots picards qu&rsquo;is vont aveuc ch\u00e9s imaches.<\/p>\n<p>T\u00e9l\u00e9kerke \u00e9ch formuloaire in bukant dzeur ch&#8217;bouton in-dsou d&rsquo;el pache pour ti r\u00e9crire eddin ch\u00e9s r\u00e9ponses.<\/p>\n<p><em>Maintenant regarde le tableau \u00e0 gauche et cherche dans le dictionnaire fondamental fran\u00e7ais\/picard les mots picards qui correspondent aux images.<\/em><\/p>\n<p><em>T\u00e9l\u00e9charge le formulaire en cliquant sur le bouton en bas de la page pour y noter tes r\u00e9ponses.<\/em><\/p>\n<p>Tu peux remplir le formulaire en utilisant <a href=\"https:\/\/get.adobe.com\/fr\/reader\/\" target=\"_blank\" rel=\"noopener\">Acrobat Reader<\/a>.<\/p>\n<p>[\/et_pb_text][et_pb_text _builder_version=\u00a0\u00bb4.27.4&Prime; _module_preset=\u00a0\u00bb4917274a-f636-4557-9073-eed74cb1e78a\u00a0\u00bb text_orientation=\u00a0\u00bbcenter\u00a0\u00bb custom_margin=\u00a0\u00bb||-32px||false|false\u00a0\u00bb custom_padding=\u00a0\u00bb||||false|false\u00a0\u00bb global_colors_info=\u00a0\u00bb{}\u00a0\u00bb]<\/p>\n\t<div className=\"qdbn-wrapper\">\n\t<div class=\"qdbn qdbp-pro\" \n\tdata-plugin-name=\"qdbn\"\n\tdata-style=\"large\"\n\tdata-file=\" hide-file\"\n\tdata-size=\" hide-size\"\n\tdata-icon-position=\"left\"\n\tstyle=\"\"\t\t>\n\t\t<div class=\"qdbn-download-button-inner\">\n\t\t\t<button class=\"g-btn f-l\" type=\"button\" title=\"T\u00e9l\u00e9charger le texte\" \n\t\t\t\t\t\t\t\t\t\t\t\t\tdata-msg=\"Please wait...\";\n\t\t\t\t\t\t\t\t\t\t\t\t\t\t\t\t\tdata-has-icon-dark=\"true\"\n\t\t\t\t\t\t\t\t\tdata-qdb-btn-id=\"245799db4e5b\"\n\t\t\t\t\t\t\t\t\tdata-external-url=\"https:\/\/concours2025.languepicarde.fr\/wp-content\/uploads\/2025\/02\/jeu1.2.pdf\" \n\t\t\t\t\t\t\t\t\tdata-target-blank=\"false\"\n\t\t\t\t\t\t\t\t\t\tstyle=\"\"\t\t\t      >\n\t\t\t\t\t<span class=\"download-btn-icon\"><svg xmlns=\"http:\/\/www.w3.org\/2000\/svg\" viewBox=\"0 0 24 24\" width=\"22\" height=\"22\"><path d=\"M18 11.3l-1-1.1-4 4V3h-1.5v11.3L7 10.2l-1 1.1 6.2 5.8 5.8-5.8zm.5 3.7v3.5h-13V15H4v5h16v-5h-1.5z\" \/><\/svg><\/span>\n\t\t\t\t\t<span>T\u00e9l\u00e9charger le texte<\/span>\n\t\t\t<\/button>\n\n\t\t\t\t\t\t\t\t\t\t<p class=\"up\" style=\"\">\n\t\t\t\t\t\t<i class=\"fi fi-file\"><\/i>\n\t\t\t\t\t\t\t\t\t<\/p>\n\t\t\t\n\t\t\t\n\t\t<\/div>\n\t<\/div>\n\t<quick-download-button-info class=\"qdb-btn-info\"><\/quick-download-button-info>\n\t\t\t<\/div>\n\t\t\n<p>[\/et_pb_text][\/et_pb_column][\/et_pb_row][\/et_pb_section]<\/p>\n","protected":false},"excerpt":{"rendered":"<p>Jeu num\u00e9ro 1 du Concours Tchot Leu 2024<\/p>\n","protected":false},"author":1,"featured_media":106,"parent":0,"menu_order":0,"comment_status":"closed","ping_status":"closed","template":"","meta":{"_et_pb_use_builder":"on","_et_pb_old_content":"","_et_gb_content_width":"","footnotes":""},"class_list":["post-102","page","type-page","status-publish","has-post-thumbnail","hentry"],"_links":{"self":[{"href":"https:\/\/concours2025.languepicarde.fr\/index.php\/wp-json\/wp\/v2\/pages\/102","targetHints":{"allow":["GET"]}}],"collection":[{"href":"https:\/\/concours2025.languepicarde.fr\/index.php\/wp-json\/wp\/v2\/pages"}],"about":[{"href":"https:\/\/concours2025.languepicarde.fr\/index.php\/wp-json\/wp\/v2\/types\/page"}],"author":[{"embeddable":true,"href":"https:\/\/concours2025.languepicarde.fr\/index.php\/wp-json\/wp\/v2\/users\/1"}],"replies":[{"embeddable":true,"href":"https:\/\/concours2025.languepicarde.fr\/index.php\/wp-json\/wp\/v2\/comments?post=102"}],"version-history":[{"count":71,"href":"https:\/\/concours2025.languepicarde.fr\/index.php\/wp-json\/wp\/v2\/pages\/102\/revisions"}],"predecessor-version":[{"id":50013,"href":"https:\/\/concours2025.languepicarde.fr\/index.php\/wp-json\/wp\/v2\/pages\/102\/revisions\/50013"}],"wp:featuredmedia":[{"embeddable":true,"href":"https:\/\/concours2025.languepicarde.fr\/index.php\/wp-json\/wp\/v2\/media\/106"}],"wp:attachment":[{"href":"https:\/\/concours2025.languepicarde.fr\/index.php\/wp-json\/wp\/v2\/media?parent=102"}],"curies":[{"name":"wp","href":"https:\/\/api.w.org\/{rel}","templated":true}]}}