{"id":113,"date":"2024-03-14T05:12:01","date_gmt":"2024-03-14T04:12:01","guid":{"rendered":"https:\/\/concours2024.languepicarde.fr\/?page_id=113"},"modified":"2025-02-25T15:17:03","modified_gmt":"2025-02-25T14:17:03","slug":"jeu-n2","status":"publish","type":"page","link":"https:\/\/concours2025.languepicarde.fr\/index.php\/jeu-n2\/","title":{"rendered":"Jeu 2 &#8211; A ch&rsquo;t\u00e9yate ed Ch\u00e9s cabotans"},"content":{"rendered":"<p>[et_pb_section fb_built=\u00a0\u00bb1&Prime; _builder_version=\u00a0\u00bb4.24.0&Prime; _module_preset=\u00a0\u00bbdefault\u00a0\u00bb global_colors_info=\u00a0\u00bb{}\u00a0\u00bb][et_pb_row column_structure=\u00a0\u00bb1_2,1_2&Prime; _builder_version=\u00a0\u00bb4.24.0&Prime; _module_preset=\u00a0\u00bbdefault\u00a0\u00bb global_colors_info=\u00a0\u00bb{}\u00a0\u00bb][et_pb_column type=\u00a0\u00bb1_2&Prime; _builder_version=\u00a0\u00bb4.27.4&Prime; _module_preset=\u00a0\u00bbdefault\u00a0\u00bb global_colors_info=\u00a0\u00bb{}\u00a0\u00bb][et_pb_image src=\u00a0\u00bbhttps:\/\/concours2025.languepicarde.fr\/wp-content\/uploads\/2025\/02\/Tchot-Leu-Pop-Corn.jpg\u00a0\u00bb title_text=\u00a0\u00bbTchot Leu Pop Corn\u00a0\u00bb align=\u00a0\u00bbcenter\u00a0\u00bb _builder_version=\u00a0\u00bb4.27.4&Prime; _module_preset=\u00a0\u00bbdefault\u00a0\u00bb width=\u00a0\u00bb80.1%\u00a0\u00bb max_height=\u00a0\u00bb367px\u00a0\u00bb global_colors_info=\u00a0\u00bb{}\u00a0\u00bb][\/et_pb_image][\/et_pb_column][et_pb_column type=\u00a0\u00bb1_2&Prime; _builder_version=\u00a0\u00bb4.24.0&Prime; _module_preset=\u00a0\u00bbdefault\u00a0\u00bb global_colors_info=\u00a0\u00bb{}\u00a0\u00bb][et_pb_heading title=\u00a0\u00bbA ch&rsquo;t\u00e9yate ed ch\u00e9s cabotans\u00a0\u00bb _builder_version=\u00a0\u00bb4.27.4&Prime; _module_preset=\u00a0\u00bb6bd0ccd2-c728-4bb8-99f8-d76eb03f7d76&Prime; title_font_size=\u00a0\u00bb44px\u00a0\u00bb global_colors_info=\u00a0\u00bb{}\u00a0\u00bb][\/et_pb_heading][et_pb_heading title=\u00a0\u00bbIn preume&#8230; (pour commencer)\u00a0\u00bb _builder_version=\u00a0\u00bb4.27.4&Prime; _module_preset=\u00a0\u00bb6bd0ccd2-c728-4bb8-99f8-d76eb03f7d76&Prime; global_colors_info=\u00a0\u00bb{}\u00a0\u00bb][\/et_pb_heading][et_pb_text _builder_version=\u00a0\u00bb4.27.4&Prime; _module_preset=\u00a0\u00bb_initial\u00a0\u00bb global_colors_info=\u00a0\u00bb{}\u00a0\u00bb]<\/p>\n<p><span style=\"font-size: large;\"><\/span><\/p>\n<p><span style=\"font-size: large;\"><\/span><\/p>\n<p><span style=\"font-size: large;\">Ravise ch&rsquo;dessin qu&rsquo;il est par indsous pis acoute ch\u00e9s questions pi cusis l&rsquo;bo\u00e8ne r\u00e9ponse.<\/span><\/p>\n<p><em><span style=\"font-size: large;\">Regarde bien le dessin ci-dessous puis \u00e9coute les consignes et choisis la bonne r\u00e9ponse aux questions.<\/span><\/em><\/p>\n<p>[\/et_pb_text][\/et_pb_column][\/et_pb_row][et_pb_row column_structure=\u00a0\u00bb3_4,1_4&Prime; use_custom_gutter=\u00a0\u00bbon\u00a0\u00bb gutter_width=\u00a0\u00bb1&Prime; make_equal=\u00a0\u00bbon\u00a0\u00bb _builder_version=\u00a0\u00bb4.24.2&Prime; _module_preset=\u00a0\u00bbdefault\u00a0\u00bb background_color=\u00a0\u00bb#364B99&Prime; background_size=\u00a0\u00bbcontain\u00a0\u00bb custom_margin=\u00a0\u00bb||||false|false\u00a0\u00bb custom_padding=\u00a0\u00bb0px||0px||false|false\u00a0\u00bb global_colors_info=\u00a0\u00bb{}\u00a0\u00bb][et_pb_column type=\u00a0\u00bb3_4&Prime; _builder_version=\u00a0\u00bb4.24.0&Prime; _module_preset=\u00a0\u00bbdefault\u00a0\u00bb background_enable_image=\u00a0\u00bboff\u00a0\u00bb box_shadow_style=\u00a0\u00bbpreset7&Prime; global_colors_info=\u00a0\u00bb{}\u00a0\u00bb][et_pb_image src=\u00a0\u00bbhttps:\/\/concours2025.languepicarde.fr\/wp-content\/uploads\/2025\/02\/Decors-chlafleur-scaled.jpg\u00a0\u00bb title_text=\u00a0\u00bbDecors ch\u2019lafleur\u00a0\u00bb _builder_version=\u00a0\u00bb4.25.0&Prime; _module_preset=\u00a0\u00bbdefault\u00a0\u00bb background_color=\u00a0\u00bb#364B99&Prime; background_last_edited=\u00a0\u00bbon|phone\u00a0\u00bb global_colors_info=\u00a0\u00bb{}\u00a0\u00bb][\/et_pb_image][\/et_pb_column][et_pb_column type=\u00a0\u00bb1_4&Prime; _builder_version=\u00a0\u00bb4.24.0&Prime; _module_preset=\u00a0\u00bbdefault\u00a0\u00bb background_color=\u00a0\u00bb#364B99&Prime; global_colors_info=\u00a0\u00bb{}\u00a0\u00bb][et_pb_audio audio=\u00a0\u00bbhttp:\/\/concours2025.languepicarde.fr\/wp-content\/uploads\/2025\/02\/consigne2-1.mp3&Prime; title=\u00a0\u00bbConsigne num\u00e9ro 1&Prime; _builder_version=\u00a0\u00bb4.27.4&Prime; _module_preset=\u00a0\u00bbdefault\u00a0\u00bb background_color=\u00a0\u00bbgcid-cb667412-e529-418a-a747-627187b801a6&Prime; width=\u00a0\u00bb100%\u00a0\u00bb max_width=\u00a0\u00bb100%\u00a0\u00bb module_alignment=\u00a0\u00bbcenter\u00a0\u00bb min_height=\u00a0\u00bb100px\u00a0\u00bb height=\u00a0\u00bb136px\u00a0\u00bb custom_padding=\u00a0\u00bb40px|||||\u00a0\u00bb hover_enabled=\u00a0\u00bb0&Prime; box_shadow_style_image=\u00a0\u00bbpreset4&Prime; box_shadow_vertical_image=\u00a0\u00bb4px\u00a0\u00bb global_colors_info=\u00a0\u00bb{%22gcid-cb667412-e529-418a-a747-627187b801a6%22:%91%22background_color%22%93}\u00a0\u00bb sticky_enabled=\u00a0\u00bb0&Prime;][\/et_pb_audio][et_pb_audio audio=\u00a0\u00bbhttps:\/\/concours2025.languepicarde.fr\/wp-content\/uploads\/2025\/02\/consigne1-1.mp3&Prime; title=\u00a0\u00bbConsigne num\u00e9ro 2&Prime; _builder_version=\u00a0\u00bb4.27.4&Prime; _module_preset=\u00a0\u00bbdefault\u00a0\u00bb background_color=\u00a0\u00bbgcid-cb667412-e529-418a-a747-627187b801a6&Prime; module_alignment=\u00a0\u00bbcenter\u00a0\u00bb min_height=\u00a0\u00bb95px\u00a0\u00bb custom_padding=\u00a0\u00bb40px|||||\u00a0\u00bb global_colors_info=\u00a0\u00bb{%22gcid-cb667412-e529-418a-a747-627187b801a6%22:%91%22background_color%22%93}\u00a0\u00bb][\/et_pb_audio][et_pb_audio audio=\u00a0\u00bbhttps:\/\/concours2025.languepicarde.fr\/wp-content\/uploads\/2025\/02\/consigne3.mp3&Prime; title=\u00a0\u00bbConsigne num\u00e9ro 3&Prime; _builder_version=\u00a0\u00bb4.27.4&Prime; _module_preset=\u00a0\u00bbdefault\u00a0\u00bb background_color=\u00a0\u00bbgcid-cb667412-e529-418a-a747-627187b801a6&Prime; module_alignment=\u00a0\u00bbcenter\u00a0\u00bb max_height=\u00a0\u00bb125px\u00a0\u00bb custom_padding=\u00a0\u00bb40px|||||\u00a0\u00bb box_shadow_style_image=\u00a0\u00bbpreset4&Prime; box_shadow_vertical_image=\u00a0\u00bb4px\u00a0\u00bb global_colors_info=\u00a0\u00bb{%22gcid-cb667412-e529-418a-a747-627187b801a6%22:%91%22background_color%22%93}\u00a0\u00bb][\/et_pb_audio][et_pb_audio audio=\u00a0\u00bbhttps:\/\/concours2025.languepicarde.fr\/wp-content\/uploads\/2025\/02\/consigne4-1.mp3&Prime; title=\u00a0\u00bbConsigne num\u00e9ro 4&Prime; _builder_version=\u00a0\u00bb4.27.4&Prime; _module_preset=\u00a0\u00bbdefault\u00a0\u00bb background_color=\u00a0\u00bbgcid-cb667412-e529-418a-a747-627187b801a6&Prime; module_alignment=\u00a0\u00bbcenter\u00a0\u00bb custom_padding=\u00a0\u00bb40px|||||\u00a0\u00bb box_shadow_style_image=\u00a0\u00bbpreset4&Prime; box_shadow_vertical_image=\u00a0\u00bb4px\u00a0\u00bb global_colors_info=\u00a0\u00bb{%22gcid-cb667412-e529-418a-a747-627187b801a6%22:%91%22background_color%22%93}\u00a0\u00bb][\/et_pb_audio][\/et_pb_column][\/et_pb_row][et_pb_row column_structure=\u00a0\u00bb2_3,1_3&Prime; _builder_version=\u00a0\u00bb4.24.0&Prime; _module_preset=\u00a0\u00bbdefault\u00a0\u00bb custom_margin=\u00a0\u00bb||||false|false\u00a0\u00bb custom_padding=\u00a0\u00bb||0px||false|false\u00a0\u00bb global_colors_info=\u00a0\u00bb{}\u00a0\u00bb][et_pb_column type=\u00a0\u00bb2_3&Prime; _builder_version=\u00a0\u00bb4.24.0&Prime; _module_preset=\u00a0\u00bbdefault\u00a0\u00bb global_colors_info=\u00a0\u00bb{}\u00a0\u00bb][et_pb_text _builder_version=\u00a0\u00bb4.27.4&Prime; _module_preset=\u00a0\u00bb_initial\u00a0\u00bb width=\u00a0\u00bb100%\u00a0\u00bb module_alignment=\u00a0\u00bbcenter\u00a0\u00bb global_colors_info=\u00a0\u00bb{}\u00a0\u00bb]<\/p>\n<p><span>Buke edsu ch&#8217;bouton \u00e0 dro\u00e8te pour ti t\u00e9l\u00e9kerker ch\u2019formulaire pi pour ti l\u2019rimplir din ch\u2019cassis. Cusis el bo\u00e9ne r\u00e9ponse inter A, B obin C. Quand qu&rsquo;i est rimpli, mets-ll\u00e9 au rado aveuc tes canjmints.<\/span><\/p>\n<p><em>T\u00e9l\u00e9charge le formulaire en appuaynt sur le bouton \u00e0 droite afin de r\u00e9pondre \u00e0 l&rsquo;\u00e9crant. Choisis la bonne r\u00e9ponse entre A, B ou C. Une fois rempli sauvegarde le formulaire avec tes r\u00e9ponses.<\/em><\/p>\n<p>[\/et_pb_text][\/et_pb_column][et_pb_column type=\u00a0\u00bb1_3&Prime; _builder_version=\u00a0\u00bb4.24.0&Prime; _module_preset=\u00a0\u00bbdefault\u00a0\u00bb global_colors_info=\u00a0\u00bb{}\u00a0\u00bb][et_pb_code _builder_version=\u00a0\u00bb4.27.4&Prime; _module_preset=\u00a0\u00bbdefault\u00a0\u00bb global_colors_info=\u00a0\u00bb{}\u00a0\u00bb]\t<div className=\"qdbn-wrapper\">\n\t<div class=\"qdbn qdbp-pro\" \n\tdata-plugin-name=\"qdbn\"\n\tdata-style=\"large\"\n\tdata-file=\" hide-file\"\n\tdata-size=\" hide-size\"\n\tdata-icon-position=\"left\"\n\tstyle=\"\"\t\t>\n\t\t<div class=\"qdbn-download-button-inner\">\n\t\t\t<button class=\"g-btn f-l\" type=\"button\" title=\"T\u00e9l\u00e9charger le formulaire de r\u00e9ponse\" \n\t\t\t\t\t\t\t\t\t\t\t\t\tdata-msg=\"Please wait...\";\n\t\t\t\t\t\t\t\t\t\t\t\t\t\t\t\t\tdata-has-icon-dark=\"true\"\n\t\t\t\t\t\t\t\t\tdata-qdb-btn-id=\"98046dab1af0\"\n\t\t\t\t\t\t\t\t\tdata-external-url=\"https:\/\/concours2025.languepicarde.fr\/wp-content\/uploads\/2025\/02\/formulairejeu2.pdf\" \n\t\t\t\t\t\t\t\t\tdata-target-blank=\"false\"\n\t\t\t\t\t\t\t\t\t\tstyle=\"\"\t\t\t      >\n\t\t\t\t\t<span class=\"download-btn-icon\"><svg xmlns=\"http:\/\/www.w3.org\/2000\/svg\" viewBox=\"0 0 24 24\" width=\"22\" height=\"22\"><path d=\"M18 11.3l-1-1.1-4 4V3h-1.5v11.3L7 10.2l-1 1.1 6.2 5.8 5.8-5.8zm.5 3.7v3.5h-13V15H4v5h16v-5h-1.5z\" \/><\/svg><\/span>\n\t\t\t\t\t<span>T\u00e9l\u00e9charger le formulaire de r\u00e9ponse<\/span>\n\t\t\t<\/button>\n\n\t\t\t\t\t\t\t\t\t\t<p class=\"up\" style=\"\">\n\t\t\t\t\t\t<i class=\"fi fi-file\"><\/i>\n\t\t\t\t\t\t\t\t\t<\/p>\n\t\t\t\n\t\t\t\n\t\t<\/div>\n\t<\/div>\n\t<quick-download-button-info class=\"qdb-btn-info\"><\/quick-download-button-info>\n\t\t\t<\/div>\n\t\t[\/et_pb_code][\/et_pb_column][\/et_pb_row][et_pb_row _builder_version=\u00a0\u00bb4.24.2&Prime; _module_preset=\u00a0\u00bbdefault\u00a0\u00bb global_colors_info=\u00a0\u00bb{}\u00a0\u00bb][et_pb_column type=\u00a0\u00bb4_4&Prime; _builder_version=\u00a0\u00bb4.24.2&Prime; _module_preset=\u00a0\u00bbdefault\u00a0\u00bb global_colors_info=\u00a0\u00bb{}\u00a0\u00bb][et_pb_heading title=\u00a0\u00bbPi Achteure  (Et Maintenant)\u00a0\u00bb _builder_version=\u00a0\u00bb4.27.4&Prime; _module_preset=\u00a0\u00bb6bd0ccd2-c728-4bb8-99f8-d76eb03f7d76&Prime; global_colors_info=\u00a0\u00bb{}\u00a0\u00bb][\/et_pb_heading][\/et_pb_column][\/et_pb_row][et_pb_row column_structure=\u00a0\u00bb2_3,1_3&Prime; use_custom_gutter=\u00a0\u00bbon\u00a0\u00bb _builder_version=\u00a0\u00bb4.24.0&Prime; _module_preset=\u00a0\u00bbdefault\u00a0\u00bb min_height=\u00a0\u00bb183px\u00a0\u00bb custom_margin=\u00a0\u00bb|auto|0px|auto|false|false\u00a0\u00bb custom_padding=\u00a0\u00bb||0px||false|false\u00a0\u00bb global_colors_info=\u00a0\u00bb{}\u00a0\u00bb][et_pb_column type=\u00a0\u00bb2_3&Prime; _builder_version=\u00a0\u00bb4.24.0&Prime; _module_preset=\u00a0\u00bbdefault\u00a0\u00bb global_colors_info=\u00a0\u00bb{}\u00a0\u00bb][et_pb_text _builder_version=\u00a0\u00bb4.27.4&Prime; _module_preset=\u00a0\u00bb_initial\u00a0\u00bb max_width=\u00a0\u00bb100%\u00a0\u00bb module_alignment=\u00a0\u00bbcenter\u00a0\u00bb global_colors_info=\u00a0\u00bb{}\u00a0\u00bb]<\/p>\n<p>T\u00e9l\u00e9kerke ech dessin. Buke edsu ch&#8217;bouton qu&rsquo;il est \u00e0 main dro\u00e8te. Acoute ch\u00e9s quate cons\u00e8nes, pi rajoute chu qu&rsquo;i feut \u00e0 ch&rsquo;dessin.<\/p>\n<p><em>T\u00e9l\u00e9charge le dessin en appuyant sur le bouton \u00e0 droite, \u00e9coute les quatre consignes suivantes et ajoute sur le dessin ce qui est demand\u00e9.<\/em><\/p>\n<p>[\/et_pb_text][\/et_pb_column][et_pb_column type=\u00a0\u00bb1_3&Prime; _builder_version=\u00a0\u00bb4.24.0&Prime; _module_preset=\u00a0\u00bbdefault\u00a0\u00bb global_colors_info=\u00a0\u00bb{}\u00a0\u00bb][et_pb_code _builder_version=\u00a0\u00bb4.27.4&Prime; _module_preset=\u00a0\u00bbdefault\u00a0\u00bb global_colors_info=\u00a0\u00bb{}\u00a0\u00bb]\t<div className=\"qdbn-wrapper\">\n\t<div class=\"qdbn qdbp-pro\" \n\tdata-plugin-name=\"qdbn\"\n\tdata-style=\"large\"\n\tdata-file=\" hide-file\"\n\tdata-size=\" hide-size\"\n\tdata-icon-position=\"left\"\n\tstyle=\"\"\t\t>\n\t\t<div class=\"qdbn-download-button-inner\">\n\t\t\t<button class=\"g-btn f-l\" type=\"button\" title=\"T\u00e9l\u00e9charger le dessin\" \n\t\t\t\t\t\t\t\t\t\t\t\t\tdata-msg=\"Please wait...\";\n\t\t\t\t\t\t\t\t\t\t\t\t\t\t\t\t\tdata-has-icon-dark=\"true\"\n\t\t\t\t\t\t\t\t\tdata-qdb-btn-id=\"55dbd60f3d15\"\n\t\t\t\t\t\t\t\t\tdata-external-url=\"https:\/\/concours2025.languepicarde.fr\/wp-content\/uploads\/2025\/02\/decorslafleur_rotated.pdf\" \n\t\t\t\t\t\t\t\t\tdata-target-blank=\"false\"\n\t\t\t\t\t\t\t\t\t\tstyle=\"\"\t\t\t      >\n\t\t\t\t\t<span class=\"download-btn-icon\"><svg xmlns=\"http:\/\/www.w3.org\/2000\/svg\" viewBox=\"0 0 24 24\" width=\"22\" height=\"22\"><path d=\"M18 11.3l-1-1.1-4 4V3h-1.5v11.3L7 10.2l-1 1.1 6.2 5.8 5.8-5.8zm.5 3.7v3.5h-13V15H4v5h16v-5h-1.5z\" \/><\/svg><\/span>\n\t\t\t\t\t<span>T\u00e9l\u00e9charger le dessin<\/span>\n\t\t\t<\/button>\n\n\t\t\t\t\t\t\t\t\t\t<p class=\"up\" style=\"\">\n\t\t\t\t\t\t<i class=\"fi fi-file\"><\/i>\n\t\t\t\t\t\t\t\t\t<\/p>\n\t\t\t\n\t\t\t\n\t\t<\/div>\n\t<\/div>\n\t<quick-download-button-info class=\"qdb-btn-info\"><\/quick-download-button-info>\n\t\t\t<\/div>\n\t\t[\/et_pb_code][\/et_pb_column][\/et_pb_row][et_pb_row column_structure=\u00a0\u00bb1_4,1_4,1_4,1_4&Prime; use_custom_gutter=\u00a0\u00bbon\u00a0\u00bb _builder_version=\u00a0\u00bb4.24.0&Prime; _module_preset=\u00a0\u00bbdefault\u00a0\u00bb vertical_offset=\u00a0\u00bb0px\u00a0\u00bb custom_margin=\u00a0\u00bb||||false|false\u00a0\u00bb custom_padding=\u00a0\u00bb0px|0px|0px|0px|false|false\u00a0\u00bb global_colors_info=\u00a0\u00bb{}\u00a0\u00bb][et_pb_column type=\u00a0\u00bb1_4&Prime; _builder_version=\u00a0\u00bb4.24.0&Prime; _module_preset=\u00a0\u00bbdefault\u00a0\u00bb global_colors_info=\u00a0\u00bb{}\u00a0\u00bb][et_pb_audio audio=\u00a0\u00bbhttps:\/\/concours2025.languepicarde.fr\/wp-content\/uploads\/2025\/02\/consigne5.mp3&Prime; title=\u00a0\u00bbConsigne num\u00e9ro 5&Prime; _builder_version=\u00a0\u00bb4.27.4&Prime; _module_preset=\u00a0\u00bbdefault\u00a0\u00bb background_color=\u00a0\u00bbgcid-cb667412-e529-418a-a747-627187b801a6&Prime; custom_padding=\u00a0\u00bb40px|||||\u00a0\u00bb box_shadow_style=\u00a0\u00bbpreset1&Prime; box_shadow_color=\u00a0\u00bb#FFFFFF\u00a0\u00bb box_shadow_style_image=\u00a0\u00bbpreset4&Prime; box_shadow_vertical_image=\u00a0\u00bb4px\u00a0\u00bb global_colors_info=\u00a0\u00bb{%22gcid-cb667412-e529-418a-a747-627187b801a6%22:%91%22background_color%22%93}\u00a0\u00bb][\/et_pb_audio][\/et_pb_column][et_pb_column type=\u00a0\u00bb1_4&Prime; _builder_version=\u00a0\u00bb4.24.0&Prime; _module_preset=\u00a0\u00bbdefault\u00a0\u00bb global_colors_info=\u00a0\u00bb{}\u00a0\u00bb][et_pb_audio audio=\u00a0\u00bbhttps:\/\/concours2025.languepicarde.fr\/wp-content\/uploads\/2025\/02\/Consigne6.mp3&Prime; title=\u00a0\u00bbConsigne num\u00e9ro 6&Prime; _builder_version=\u00a0\u00bb4.27.4&Prime; _module_preset=\u00a0\u00bbdefault\u00a0\u00bb background_color=\u00a0\u00bbgcid-cb667412-e529-418a-a747-627187b801a6&Prime; custom_padding=\u00a0\u00bb40px|||||\u00a0\u00bb box_shadow_style=\u00a0\u00bbpreset1&Prime; box_shadow_color=\u00a0\u00bb#FFFFFF\u00a0\u00bb box_shadow_style_image=\u00a0\u00bbpreset4&Prime; box_shadow_vertical_image=\u00a0\u00bb4px\u00a0\u00bb global_colors_info=\u00a0\u00bb{%22gcid-cb667412-e529-418a-a747-627187b801a6%22:%91%22background_color%22%93}\u00a0\u00bb][\/et_pb_audio][\/et_pb_column][et_pb_column type=\u00a0\u00bb1_4&Prime; _builder_version=\u00a0\u00bb4.24.0&Prime; _module_preset=\u00a0\u00bbdefault\u00a0\u00bb global_colors_info=\u00a0\u00bb{}\u00a0\u00bb][et_pb_audio audio=\u00a0\u00bbhttps:\/\/concours2025.languepicarde.fr\/wp-content\/uploads\/2025\/02\/consigne7.mp3&Prime; title=\u00a0\u00bbConsigne num\u00e9ro 7&Prime; _builder_version=\u00a0\u00bb4.27.4&Prime; _module_preset=\u00a0\u00bbdefault\u00a0\u00bb background_color=\u00a0\u00bbgcid-cb667412-e529-418a-a747-627187b801a6&Prime; custom_padding=\u00a0\u00bb40px|||||\u00a0\u00bb box_shadow_style=\u00a0\u00bbpreset1&Prime; box_shadow_color=\u00a0\u00bb#FFFFFF\u00a0\u00bb box_shadow_style_image=\u00a0\u00bbpreset4&Prime; box_shadow_vertical_image=\u00a0\u00bb4px\u00a0\u00bb global_colors_info=\u00a0\u00bb{%22gcid-cb667412-e529-418a-a747-627187b801a6%22:%91%22background_color%22%93}\u00a0\u00bb][\/et_pb_audio][\/et_pb_column][et_pb_column type=\u00a0\u00bb1_4&Prime; _builder_version=\u00a0\u00bb4.24.0&Prime; _module_preset=\u00a0\u00bbdefault\u00a0\u00bb global_colors_info=\u00a0\u00bb{}\u00a0\u00bb][et_pb_audio audio=\u00a0\u00bbhttps:\/\/concours2025.languepicarde.fr\/wp-content\/uploads\/2025\/02\/consigne8.mp3&Prime; title=\u00a0\u00bbConsigne num\u00e9ro 8&Prime; _builder_version=\u00a0\u00bb4.27.4&Prime; _module_preset=\u00a0\u00bbdefault\u00a0\u00bb background_color=\u00a0\u00bbgcid-cb667412-e529-418a-a747-627187b801a6&Prime; module_alignment=\u00a0\u00bbcenter\u00a0\u00bb custom_padding=\u00a0\u00bb40px|||||\u00a0\u00bb box_shadow_style=\u00a0\u00bbpreset1&Prime; box_shadow_color=\u00a0\u00bb#FFFFFF\u00a0\u00bb box_shadow_style_image=\u00a0\u00bbpreset4&Prime; box_shadow_vertical_image=\u00a0\u00bb4px\u00a0\u00bb global_colors_info=\u00a0\u00bb{%22gcid-cb667412-e529-418a-a747-627187b801a6%22:%91%22background_color%22%93}\u00a0\u00bb][\/et_pb_audio][\/et_pb_column][\/et_pb_row][\/et_pb_section]<\/p>\n","protected":false},"excerpt":{"rendered":"<p>Ravise ch&rsquo;dessin qu&rsquo;il est par indsous pis acoute ch\u00e9s questions pi cusis l&rsquo;bo\u00e8ne r\u00e9ponse. Regarde bien le dessin ci-dessous puis \u00e9coute les consignes et choisis la bonne r\u00e9ponse aux questions.Buke edsu ch&#8217;bouton \u00e0 dro\u00e8te pour ti t\u00e9l\u00e9kerker ch\u2019formulaire pi pour ti l\u2019rimplir din ch\u2019cassis. Cusis el bo\u00e9ne r\u00e9ponse inter A, B obin C. Quand qu&rsquo;i [&hellip;]<\/p>\n","protected":false},"author":1,"featured_media":0,"parent":0,"menu_order":0,"comment_status":"closed","ping_status":"closed","template":"","meta":{"_et_pb_use_builder":"on","_et_pb_old_content":"","_et_gb_content_width":"","footnotes":""},"class_list":["post-113","page","type-page","status-publish","hentry"],"_links":{"self":[{"href":"https:\/\/concours2025.languepicarde.fr\/index.php\/wp-json\/wp\/v2\/pages\/113","targetHints":{"allow":["GET"]}}],"collection":[{"href":"https:\/\/concours2025.languepicarde.fr\/index.php\/wp-json\/wp\/v2\/pages"}],"about":[{"href":"https:\/\/concours2025.languepicarde.fr\/index.php\/wp-json\/wp\/v2\/types\/page"}],"author":[{"embeddable":true,"href":"https:\/\/concours2025.languepicarde.fr\/index.php\/wp-json\/wp\/v2\/users\/1"}],"replies":[{"embeddable":true,"href":"https:\/\/concours2025.languepicarde.fr\/index.php\/wp-json\/wp\/v2\/comments?post=113"}],"version-history":[{"count":75,"href":"https:\/\/concours2025.languepicarde.fr\/index.php\/wp-json\/wp\/v2\/pages\/113\/revisions"}],"predecessor-version":[{"id":50018,"href":"https:\/\/concours2025.languepicarde.fr\/index.php\/wp-json\/wp\/v2\/pages\/113\/revisions\/50018"}],"wp:attachment":[{"href":"https:\/\/concours2025.languepicarde.fr\/index.php\/wp-json\/wp\/v2\/media?parent=113"}],"curies":[{"name":"wp","href":"https:\/\/api.w.org\/{rel}","templated":true}]}}