{"id":20,"date":"2024-02-10T17:50:08","date_gmt":"2024-02-10T16:50:08","guid":{"rendered":"https:\/\/concours2024.languepicarde.fr\/?page_id=20"},"modified":"2025-03-11T18:31:34","modified_gmt":"2025-03-11T17:31:34","slug":"accueil-concours-tchot-leu-2025","status":"publish","type":"page","link":"https:\/\/concours2025.languepicarde.fr\/","title":{"rendered":"Accueil concours Tchot Leu 2025"},"content":{"rendered":"<p>[et_pb_section fb_built=\u00a0\u00bb1&Prime; _builder_version=\u00a0\u00bb4.24.0&Prime; _module_preset=\u00a0\u00bbdefault\u00a0\u00bb custom_padding=\u00a0\u00bb||10px|||\u00a0\u00bb global_colors_info=\u00a0\u00bb{}\u00a0\u00bb][et_pb_row _builder_version=\u00a0\u00bb4.24.2&Prime; _module_preset=\u00a0\u00bbdefault\u00a0\u00bb global_colors_info=\u00a0\u00bb{}\u00a0\u00bb][et_pb_column type=\u00a0\u00bb4_4&Prime; _builder_version=\u00a0\u00bb4.24.2&Prime; _module_preset=\u00a0\u00bbdefault\u00a0\u00bb global_colors_info=\u00a0\u00bb{}\u00a0\u00bb][et_pb_heading title=\u00a0\u00bbUn concours pour initier les \u00e9l\u00e8ves du CE2 au CM2 \u00e0 la langue picarde\u00a0\u00bb _builder_version=\u00a0\u00bb4.25.0&Prime; _module_preset=\u00a0\u00bb6bd0ccd2-c728-4bb8-99f8-d76eb03f7d76&Prime; title_level=\u00a0\u00bbh3&Prime; title_text_align=\u00a0\u00bbcenter\u00a0\u00bb global_colors_info=\u00a0\u00bb{}\u00a0\u00bb][\/et_pb_heading][et_pb_heading title=\u00a0\u00bbCh\u00e9s cabotins ed nou poaiyi !\u00a0\u00bb _builder_version=\u00a0\u00bb4.25.0&Prime; _module_preset=\u00a0\u00bb6bd0ccd2-c728-4bb8-99f8-d76eb03f7d76&Prime; title_text_align=\u00a0\u00bbcenter\u00a0\u00bb title_font_size=\u00a0\u00bb40px\u00a0\u00bb min_height=\u00a0\u00bb48px\u00a0\u00bb height=\u00a0\u00bb39px\u00a0\u00bb max_height=\u00a0\u00bb100px\u00a0\u00bb custom_padding=\u00a0\u00bb0px||1px|||\u00a0\u00bb text_shadow_color=\u00a0\u00bb#364B99&Prime; global_colors_info=\u00a0\u00bb{}\u00a0\u00bb][\/et_pb_heading][et_pb_text _builder_version=\u00a0\u00bb4.25.0&Prime; _module_preset=\u00a0\u00bbdefault\u00a0\u00bb text_font=\u00a0\u00bbHabibi||||||||\u00a0\u00bb text_text_color=\u00a0\u00bbgcid-heading-color\u00a0\u00bb text_font_size=\u00a0\u00bb30px\u00a0\u00bb background_layout=\u00a0\u00bbdark\u00a0\u00bb global_colors_info=\u00a0\u00bb{%22gcid-heading-color%22:%91%22text_text_color%22%93}\u00a0\u00bb]<\/p>\n<p style=\"text-align: center;\">Les marionnettes de notre r\u00e9gion !<\/p>\n<p>[\/et_pb_text][\/et_pb_column][\/et_pb_row][et_pb_row column_structure=\u00a0\u00bb2_5,3_5&Prime; _builder_version=\u00a0\u00bb4.24.2&Prime; _module_preset=\u00a0\u00bbdefault\u00a0\u00bb global_colors_info=\u00a0\u00bb{}\u00a0\u00bb][et_pb_column type=\u00a0\u00bb2_5&Prime; _builder_version=\u00a0\u00bb4.24.0&Prime; _module_preset=\u00a0\u00bbdefault\u00a0\u00bb global_colors_info=\u00a0\u00bb{}\u00a0\u00bb][et_pb_image src=\u00a0\u00bbhttps:\/\/concours2025.languepicarde.fr\/wp-content\/uploads\/2025\/02\/Affiche2025.jpg\u00a0\u00bb alt=\u00a0\u00bbAffiche concours Tchot Leu 2025&Prime; title_text=\u00a0\u00bbAffiche tchot leu 2025&Prime; _builder_version=\u00a0\u00bb4.25.0&Prime; _module_preset=\u00a0\u00bbdefault\u00a0\u00bb width=\u00a0\u00bb100%\u00a0\u00bb custom_padding=\u00a0\u00bb|0px||||\u00a0\u00bb global_colors_info=\u00a0\u00bb{}\u00a0\u00bb][\/et_pb_image][\/et_pb_column][et_pb_column type=\u00a0\u00bb3_5&Prime; _builder_version=\u00a0\u00bb4.24.0&Prime; _module_preset=\u00a0\u00bbdefault\u00a0\u00bb global_colors_info=\u00a0\u00bb{}\u00a0\u00bb][et_pb_text _builder_version=\u00a0\u00bb4.25.0&Prime; _dynamic_attributes=\u00a0\u00bblink_option_url\u00a0\u00bb _module_preset=\u00a0\u00bbdefault\u00a0\u00bb text_font=\u00a0\u00bbHabibi||||||||\u00a0\u00bb text_text_color=\u00a0\u00bbgcid-heading-color\u00a0\u00bb text_font_size=\u00a0\u00bb20px\u00a0\u00bb text_letter_spacing=\u00a0\u00bb1px\u00a0\u00bb text_line_height=\u00a0\u00bb1.3em\u00a0\u00bb text_orientation=\u00a0\u00bbjustified\u00a0\u00bb link_option_url=\u00a0\u00bb@ET-DC@eyJkeW5hbWljIjp0cnVlLCJjb250ZW50IjoicG9zdF9saW5rX3VybF9wYWdlIiwic2V0dGluZ3MiOnsicG9zdF9pZCI6IjEzMCJ9fQ==@\u00a0\u00bb inline_fonts=\u00a0\u00bbABeeZee\u00a0\u00bb global_colors_info=\u00a0\u00bb{%22gcid-heading-color%22:%91%22text_text_color%22%93}\u00a0\u00bb]<\/p>\n<p style=\"font-weight: 400;\"><span style=\"font-size: x-large;\"><strong><span style=\"font-family: inherit;\">Ch\u2019est mi Tchot Leu !<\/span><\/strong><\/span><\/p>\n<p style=\"font-weight: 400;\">Pour cette cinqui\u00e8me \u00e9dition, je vais aller \u00e0 la rencontre des\u00a0 marionnettes des Hauts-de-France et plus particuli\u00e8rement des deux personnages les plus connus : Lafleur \u00e0 Amiens et P&rsquo;tit Jacques de Lille. Ils ont en commun la langue picarde, m\u00eame si P&rsquo;tit Jacques ne la parle plus beaucoup, mais il va la r\u00e9apprendre avec son cousin Lafleur !\u00a0<br \/>Les deux \u00ab\u00a0cabotins\u00a0\u00bb vont faire connaissance par un \u00e9change de SMS en picard et il faudra les aider \u00e0 les <strong>r\u00e9diger<\/strong>. Ils vont se rencontrer au Th\u00e9\u00e2tre de Ch\u00e9s Cabotans, et les \u00e9l\u00e8ves devront <strong>\u00e9couter<\/strong> et <strong>reconna\u00eetre<\/strong> des mots de picard pour compl\u00e9ter un dessin. Enfin, il faudra <strong>chanter<\/strong> \u00e0 <em>capella<\/em> le refrain de la chanson traditionnelle de Ch\u00e9s Cabotans d\u2019Amiens.<\/p>\n<p style=\"font-weight: 400;\">J&rsquo;ene dure pu ed m&rsquo;\u00e9juer aveuc vouseutes !*<\/p>\n<p style=\"font-weight: 400;\"><span style=\"font-family: inherit; font-weight: normal; font-size: large;\">Tchot Leu<\/span><\/p>\n<p style=\"font-weight: 400;\"><span style=\"font-family: inherit; font-weight: normal; font-size: large;\">* Je suis impatient de m&rsquo;amuser avec vous.<\/span><\/p>\n<p style=\"font-weight: 400;\"><span style=\"font-family: inherit; font-weight: normal; font-size: large;\"><\/span><\/p>\n<p>[\/et_pb_text][\/et_pb_column][\/et_pb_row][et_pb_row _builder_version=\u00a0\u00bb4.24.2&Prime; _module_preset=\u00a0\u00bbdefault\u00a0\u00bb global_colors_info=\u00a0\u00bb{}\u00a0\u00bb][et_pb_column type=\u00a0\u00bb4_4&Prime; _builder_version=\u00a0\u00bb4.24.2&Prime; _module_preset=\u00a0\u00bbdefault\u00a0\u00bb global_colors_info=\u00a0\u00bb{}\u00a0\u00bb][et_pb_text _builder_version=\u00a0\u00bb4.27.4&Prime; _dynamic_attributes=\u00a0\u00bblink_option_url\u00a0\u00bb _module_preset=\u00a0\u00bbdefault\u00a0\u00bb text_font=\u00a0\u00bbHabibi||||||||\u00a0\u00bb text_text_color=\u00a0\u00bb#474747&Prime; text_font_size=\u00a0\u00bb17px\u00a0\u00bb header_font=\u00a0\u00bbHabibi||||||||\u00a0\u00bb width=\u00a0\u00bb98%\u00a0\u00bb max_width=\u00a0\u00bb100%\u00a0\u00bb module_alignment=\u00a0\u00bbleft\u00a0\u00bb custom_margin=\u00a0\u00bb|||-435px||\u00a0\u00bb custom_padding=\u00a0\u00bb||0px|||\u00a0\u00bb link_option_url=\u00a0\u00bb@ET-DC@eyJkeW5hbWljIjp0cnVlLCJjb250ZW50IjoicG9zdF9saW5rX3VybF9wYWdlIiwic2V0dGluZ3MiOnsicG9zdF9pZCI6IjEzMCJ9fQ==@\u00a0\u00bb inline_fonts=\u00a0\u00bbABeeZee\u00a0\u00bb global_colors_info=\u00a0\u00bb{}\u00a0\u00bb]<\/p>\n<p><strong>Le concours Tchot Leu (Petit Loup)<\/strong><\/p>\n<ul>\n<li>est ouvert \u00e0 toutes les \u00e9coles \u00e9l\u00e9mentaires, publiques ou priv\u00e9es, des Hauts-de-France<\/li>\n<li>propose des \u00e9preuves ludiques et accessibles<\/li>\n<li>se d\u00e9roule compl\u00e8tement en ligne sur le site internet de l&rsquo;Agence r\u00e9gionale de la langue picarde<\/li>\n<li>permet de gagner de nombreux lots collectifs et individuels (accueil d&rsquo;un camion spectacle avec marionnettes, t-shirts, BD&#8230;Des \u00e9preuves con\u00e7ues pour d\u00e9couvrir, entendre, lire, chercher et parler en langue picarde.<\/li>\n<\/ul>\n<p>Ce concours propose 3 \u00e9preuves : un court texte \u00e0 compl\u00e9ter gr\u00e2ce au vocabulaire donn\u00e9, un dessin \u00e0 observer et \u00e0 enrichir gr\u00e2ce aux consignes \u00e0 \u00e9couter, et une chansonnette \u00e0 interpr\u00e9ter \u00e0 cappella en groupe.<\/p>\n<p>Chaque classe inscrite qui en fera la demande recevra un exemplaire du<a href=\"https:\/\/languepicarde.fr\/dictionnaire-fondamental-francais-picard\/\" target=\"_blank\" rel=\"noopener\"> \u00ab Dictionnaire fondamental du fran\u00e7ais-picard \u00bb.<\/a><\/p>\n<p>[\/et_pb_text][et_pb_text _builder_version=\u00a0\u00bb4.27.4&Prime; _module_preset=\u00a0\u00bbdefault\u00a0\u00bb text_font=\u00a0\u00bbHabibi||||||||\u00a0\u00bb text_text_color=\u00a0\u00bb#474747&Prime; global_colors_info=\u00a0\u00bb{}\u00a0\u00bb]<\/p>\n<p><strong><span style=\"font-size: large;\">Participer au concours ?<\/span><\/strong><\/p>\n<p>Inscription et participation \u00e0 partir du 24 f\u00e9vrier 2025<br \/><strong><span style=\"font-size: large;\"><\/span><\/strong>Cl\u00f4ture des participations le 4 avril 2025<br \/>R\u00e9sultats le 28 avril 2025<\/p>\n<p><span style=\"font-size: large;\"><\/span><\/p>\n<p><span style=\"font-size: large;\">Pour vous inscrire au concours, rendez-vous sur la page <strong><a href=\"https:\/\/concours2025.languepicarde.fr\/index.php\/inscription-2025\/\">inscription<\/a><\/strong>.<\/span><\/p>\n<p><span style=\"font-size: large;\">Pour savoir comment participer, allez sur la page <a href=\"https:\/\/concours2025.languepicarde.fr\/index.php\/reglement-du-concours-tchot-leu-2025\/\"><strong>r\u00e8glement<\/strong><\/a>.<\/span><\/p>\n<p><span style=\"font-size: large;\">Si vous souhaitez nous contacter, merci de visiter la page <a href=\"https:\/\/concours2025.languepicarde.fr\/index.php\/contact\/\"><strong>contact<\/strong><\/a>.<\/span><\/p>\n<p>[\/et_pb_text][\/et_pb_column][\/et_pb_row][et_pb_row _builder_version=\u00a0\u00bb4.24.0&Prime; _module_preset=\u00a0\u00bbdefault\u00a0\u00bb global_colors_info=\u00a0\u00bb{}\u00a0\u00bb][et_pb_column type=\u00a0\u00bb4_4&Prime; _builder_version=\u00a0\u00bb4.24.0&Prime; _module_preset=\u00a0\u00bbdefault\u00a0\u00bb global_colors_info=\u00a0\u00bb{}\u00a0\u00bb][et_pb_text _builder_version=\u00a0\u00bb4.24.2&Prime; _module_preset=\u00a0\u00bbdefault\u00a0\u00bb text_font=\u00a0\u00bbHabibi||||||||\u00a0\u00bb text_text_color=\u00a0\u00bb#474747&Prime; text_font_size=\u00a0\u00bb15px\u00a0\u00bb global_colors_info=\u00a0\u00bb{}\u00a0\u00bb]<\/p>\n<p><span style=\"color: #000000;\">Le concours Tchot Leu est organis\u00e9 par <a href=\"https:\/\/www.languepicarde.fr\" target=\"_blank\" rel=\"noopener\" style=\"color: #000000;\">l&rsquo;Agence r\u00e9gionale de la langue picarde<\/a> avec le soutien des Rectorats d&rsquo;Amiens et de Lille, la R\u00e9gion Hauts-de-France, le D\u00e9partement de la Somme, le D\u00e9partement de l&rsquo;Oise et Amiens m\u00e9tropole.<\/span><\/p>\n<p>[\/et_pb_text][\/et_pb_column][\/et_pb_row][\/et_pb_section][et_pb_section fb_built=\u00a0\u00bb1&Prime; _builder_version=\u00a0\u00bb4.27.4&Prime; _module_preset=\u00a0\u00bbdefault\u00a0\u00bb global_colors_info=\u00a0\u00bb{}\u00a0\u00bb][et_pb_row _builder_version=\u00a0\u00bb4.27.4&Prime; _module_preset=\u00a0\u00bbdefault\u00a0\u00bb hover_enabled=\u00a0\u00bb0&Prime; global_colors_info=\u00a0\u00bb{}\u00a0\u00bb sticky_enabled=\u00a0\u00bb0&Prime;][et_pb_column type=\u00a0\u00bb4_4&Prime; _builder_version=\u00a0\u00bb4.27.4&Prime; _module_preset=\u00a0\u00bbdefault\u00a0\u00bb global_colors_info=\u00a0\u00bb{}\u00a0\u00bb][et_pb_code _builder_version=\u00a0\u00bb4.27.4&Prime; _module_preset=\u00a0\u00bbdefault\u00a0\u00bb hover_enabled=\u00a0\u00bb0&Prime; global_colors_info=\u00a0\u00bb{}\u00a0\u00bb sticky_enabled=\u00a0\u00bb0&Prime;]<\/p>\n<div class=\"logos-row\"><!-- [et_pb_line_break_holder] -->  <img decoding=\"async\" src=\"https:\/\/concours2025.languepicarde.fr\/wp-content\/uploads\/2024\/03\/Academie_dAmiens.svg_.png\" alt=\"Logo 1\" class=\"logo-item\"><!-- [et_pb_line_break_holder] -->  <img decoding=\"async\" src=\"https:\/\/concours2025.languepicarde.fr\/wp-content\/uploads\/2024\/03\/Academie_de_Lille.svg_.png\" alt=\"Logo 2\" class=\"logo-item\"><!-- [et_pb_line_break_holder] -->  <img decoding=\"async\" src=\"https:\/\/concours2025.languepicarde.fr\/wp-content\/uploads\/2024\/03\/logo-HDF.jpg\" alt=\"Logo 3\" class=\"logo-item\"><!-- [et_pb_line_break_holder] -->  <img decoding=\"async\" src=\"https:\/\/concours2025.languepicarde.fr\/wp-content\/uploads\/2024\/03\/Conseil-departemental-de-la-Somme.jpg\" alt=\"Logo 4\" class=\"logo-item\"><!-- [et_pb_line_break_holder] -->  <img decoding=\"async\" src=\"https:\/\/concours2025.languepicarde.fr\/wp-content\/uploads\/2024\/03\/Conseil-Ge\u2560une\u2560ural-de-lOise.jpg\" alt=\"Logo 5\" class=\"logo-item\"><!-- [et_pb_line_break_holder] -->  <img decoding=\"async\" src=\"https:\/\/concours2025.languepicarde.fr\/wp-content\/uploads\/2024\/03\/LogoAmiensMetropole.png\" alt=\"Logo 6\" class=\"logo-item\"><!-- [et_pb_line_break_holder] -->  <img decoding=\"async\" src=\"https:\/\/concours2025.languepicarde.fr\/wp-content\/uploads\/2024\/03\/MicrosoftTeams-image-7.jpg\" alt=\"Logo 7\" class=\"logo-item\"><!-- [et_pb_line_break_holder] -->  <img decoding=\"async\" src=\"http:\/\/concours2025.languepicarde.fr\/wp-content\/uploads\/2025\/03\/Logo-TAP-Ches-Cabotans-dAmiens.png\" alt=\"Logo 8\" class=\"logo-item\"><!-- [et_pb_line_break_holder] --><\/div>\n<p><!-- [et_pb_line_break_holder] -->[\/et_pb_code][\/et_pb_column][\/et_pb_row][\/et_pb_section]<\/p>\n","protected":false},"excerpt":{"rendered":"<p>Les marionnettes de notre r\u00e9gion !Ch\u2019est mi Tchot Leu ! Pour cette cinqui\u00e8me \u00e9dition, je vais aller \u00e0 la rencontre des\u00a0 marionnettes des Hauts-de-France et plus particuli\u00e8rement des deux personnages les plus connus : Lafleur \u00e0 Amiens et P&rsquo;tit Jacques de Lille. Ils ont en commun la langue picarde, m\u00eame si P&rsquo;tit Jacques ne la [&hellip;]<\/p>\n","protected":false},"author":1,"featured_media":49805,"parent":0,"menu_order":1,"comment_status":"closed","ping_status":"closed","template":"","meta":{"_et_pb_use_builder":"on","_et_pb_old_content":"","_et_gb_content_width":"","footnotes":""},"class_list":["post-20","page","type-page","status-publish","has-post-thumbnail","hentry"],"_links":{"self":[{"href":"https:\/\/concours2025.languepicarde.fr\/index.php\/wp-json\/wp\/v2\/pages\/20","targetHints":{"allow":["GET"]}}],"collection":[{"href":"https:\/\/concours2025.languepicarde.fr\/index.php\/wp-json\/wp\/v2\/pages"}],"about":[{"href":"https:\/\/concours2025.languepicarde.fr\/index.php\/wp-json\/wp\/v2\/types\/page"}],"author":[{"embeddable":true,"href":"https:\/\/concours2025.languepicarde.fr\/index.php\/wp-json\/wp\/v2\/users\/1"}],"replies":[{"embeddable":true,"href":"https:\/\/concours2025.languepicarde.fr\/index.php\/wp-json\/wp\/v2\/comments?post=20"}],"version-history":[{"count":50,"href":"https:\/\/concours2025.languepicarde.fr\/index.php\/wp-json\/wp\/v2\/pages\/20\/revisions"}],"predecessor-version":[{"id":50045,"href":"https:\/\/concours2025.languepicarde.fr\/index.php\/wp-json\/wp\/v2\/pages\/20\/revisions\/50045"}],"wp:featuredmedia":[{"embeddable":true,"href":"https:\/\/concours2025.languepicarde.fr\/index.php\/wp-json\/wp\/v2\/media\/49805"}],"wp:attachment":[{"href":"https:\/\/concours2025.languepicarde.fr\/index.php\/wp-json\/wp\/v2\/media?parent=20"}],"curies":[{"name":"wp","href":"https:\/\/api.w.org\/{rel}","templated":true}]}}