{"id":49300,"date":"2024-03-19T15:04:15","date_gmt":"2024-03-19T14:04:15","guid":{"rendered":"https:\/\/concours2024.languepicarde.fr\/?page_id=49300"},"modified":"2025-03-13T10:27:35","modified_gmt":"2025-03-13T09:27:35","slug":"49300-2","status":"publish","type":"page","link":"https:\/\/concours2025.languepicarde.fr\/index.php\/49300-2\/","title":{"rendered":"Cr\u00e9dits"},"content":{"rendered":"<p>[et_pb_section fb_built=\u00a0\u00bb1&Prime; _builder_version=\u00a0\u00bb4.24.2&Prime; _module_preset=\u00a0\u00bbdefault\u00a0\u00bb global_colors_info=\u00a0\u00bb{}\u00a0\u00bb][et_pb_row _builder_version=\u00a0\u00bb4.24.2&Prime; _module_preset=\u00a0\u00bbdefault\u00a0\u00bb global_colors_info=\u00a0\u00bb{}\u00a0\u00bb][et_pb_column type=\u00a0\u00bb4_4&Prime; _builder_version=\u00a0\u00bb4.24.2&Prime; _module_preset=\u00a0\u00bbdefault\u00a0\u00bb global_colors_info=\u00a0\u00bb{}\u00a0\u00bb][et_pb_heading title=\u00a0\u00bbCr\u00e9dits\u00a0\u00bb _builder_version=\u00a0\u00bb4.24.2&Prime; _module_preset=\u00a0\u00bb6bd0ccd2-c728-4bb8-99f8-d76eb03f7d76&Prime; global_colors_info=\u00a0\u00bb{}\u00a0\u00bb][\/et_pb_heading][et_pb_text _builder_version=\u00a0\u00bb4.27.4&Prime; _module_preset=\u00a0\u00bbdefault\u00a0\u00bb global_colors_info=\u00a0\u00bb{}\u00a0\u00bb]<\/p>\n<p>Les jeux ont \u00e9t\u00e9 con\u00e7us et r\u00e9alis\u00e9s par <span style=\"color: #333399;\"><strong>France Avisse<\/strong><\/span>, cheffe de projet \u00e0 l&rsquo;Agence r\u00e9gionale de la langue picarde et adapt\u00e9 par <strong><span style=\"color: #333399;\">Olivier Engelaere<\/span><\/strong>, directeur de l&rsquo;Agence r\u00e9gionale de la langue picarde.<\/p>\n<p>Les illustrations \u00ab\u00a0Tchot Leu\u00a0\u00bb sont de <span style=\"color: #333399;\"><strong>Hardoc.<\/strong><\/span><\/p>\n<p><a href=\"https:\/\/linktr.ee\/foly.bertrand\"><span style=\"color: #333399;\"><strong>France Avisse, Laetitia Delval, Carole Morel,<\/strong><\/span><span style=\"color: #000000;\"> et <\/span><span style=\"color: #333399;\"><strong>Tim\u00e9o Boniface, Didier Gayant, Michel Godard, Jason Monard,<\/strong><\/span><\/a>\u00a0ont pr\u00eat\u00e9 leur voix pour l&rsquo;enregistrement des consignes du jeu \u00ab\u00a0A ch&rsquo;t\u00e9yate ed ch\u00e9s cabotans\u00a0\u00bb.<\/p>\n<p>\u00ab\u00a0El canchon d&rsquo;ch\u00e9s cabotans\u00a0\u00bb a \u00e9t\u00e9 \u00e9crite par <span style=\"color: #333399;\"><strong>Maurice Domon<\/strong><\/span> sur l&rsquo;air \u00ab\u00a0Belleville-Mesnilmontant\u00a0\u00bb d&rsquo;<span style=\"color: #333399;\"><strong>Aristide Bruand. <\/strong><span style=\"color: #000000;\">L&rsquo;accompagnement musical a \u00e9t\u00e9 r\u00e9alis\u00e9 tr\u00e8s gentiment par <\/span><strong>Thomas Morzewski, <\/strong><\/span>l&rsquo;accompagnement chant\u00e9 tout aussi gentiment par <span style=\"color: #333399;\"><strong>Adrien Helminiak.<\/strong><\/span><\/p>\n<p>Le site internet a \u00e9t\u00e9 con\u00e7u et r\u00e9alis\u00e9 par <span style=\"color: #333399;\"><strong>Pascal Idez<\/strong><\/span> et <strong><span style=\"color: #333399;\">Olivier Engelaere<\/span><\/strong>, tous deux de l&rsquo;Agence r\u00e9gionale de la langue picarde. Il a \u00e9t\u00e9 mis \u00e0 jour par <strong><span style=\"color: #333399;\">Olivier Engelaere<\/span><\/strong> et <strong><span style=\"color: #333399;\">J\u00e9r\u00f4me Caron<\/span><\/strong>.<\/p>\n<p>&nbsp;<\/p>\n<p>Le concours Tchot Leu est organis\u00e9 en partenariat avec les rectorats d&rsquo;Amiens et de Lille. Il b\u00e9n\u00e9ficie du soutien de la R\u00e9gion Hauts de France, du Conseil d\u00e9partemental de la Somme, du Conseil d\u00e9partemental de l&rsquo;Oise, d&rsquo;Amiens m\u00e9tropole, du Th\u00e9\u00e2tre d&rsquo;animation picard Ch\u00e9s Cabotans d&rsquo;Amiens, du Cr\u00e9dit Agricole Brie-Picardie et du jeu Champion pour un pays de Somme.<\/p>\n<p>&nbsp;<\/p>\n<p>[\/et_pb_text][\/et_pb_column][\/et_pb_row][\/et_pb_section]<\/p>\n","protected":false},"excerpt":{"rendered":"<p>Les jeux ont \u00e9t\u00e9 con\u00e7us et r\u00e9alis\u00e9s par France Avisse, cheffe de projet \u00e0 l&rsquo;Agence r\u00e9gionale de la langue picarde et adapt\u00e9 par Olivier Engelaere, directeur de l&rsquo;Agence r\u00e9gionale de la langue picarde. Les illustrations \u00ab\u00a0Tchot Leu\u00a0\u00bb sont de Hardoc. France Avisse, Laetitia Delval, Carole Morel, et Tim\u00e9o Boniface, Didier Gayant, Michel Godard, Jason Monard,\u00a0ont [&hellip;]<\/p>\n","protected":false},"author":1,"featured_media":0,"parent":0,"menu_order":0,"comment_status":"closed","ping_status":"closed","template":"","meta":{"_et_pb_use_builder":"on","_et_pb_old_content":"","_et_gb_content_width":"","footnotes":""},"class_list":["post-49300","page","type-page","status-publish","hentry"],"_links":{"self":[{"href":"https:\/\/concours2025.languepicarde.fr\/index.php\/wp-json\/wp\/v2\/pages\/49300","targetHints":{"allow":["GET"]}}],"collection":[{"href":"https:\/\/concours2025.languepicarde.fr\/index.php\/wp-json\/wp\/v2\/pages"}],"about":[{"href":"https:\/\/concours2025.languepicarde.fr\/index.php\/wp-json\/wp\/v2\/types\/page"}],"author":[{"embeddable":true,"href":"https:\/\/concours2025.languepicarde.fr\/index.php\/wp-json\/wp\/v2\/users\/1"}],"replies":[{"embeddable":true,"href":"https:\/\/concours2025.languepicarde.fr\/index.php\/wp-json\/wp\/v2\/comments?post=49300"}],"version-history":[{"count":10,"href":"https:\/\/concours2025.languepicarde.fr\/index.php\/wp-json\/wp\/v2\/pages\/49300\/revisions"}],"predecessor-version":[{"id":50047,"href":"https:\/\/concours2025.languepicarde.fr\/index.php\/wp-json\/wp\/v2\/pages\/49300\/revisions\/50047"}],"wp:attachment":[{"href":"https:\/\/concours2025.languepicarde.fr\/index.php\/wp-json\/wp\/v2\/media?parent=49300"}],"curies":[{"name":"wp","href":"https:\/\/api.w.org\/{rel}","templated":true}]}}