{"id":49349,"date":"2025-07-04T14:28:12","date_gmt":"2025-07-04T12:28:12","guid":{"rendered":"https:\/\/concours2024.languepicarde.fr\/?page_id=49349"},"modified":"2025-07-04T14:28:12","modified_gmt":"2025-07-04T12:28:12","slug":"corrections","status":"publish","type":"page","link":"https:\/\/concours2025.languepicarde.fr\/index.php\/corrections\/","title":{"rendered":"Corrections"},"content":{"rendered":"<p>[et_pb_section fb_built=\u00a0\u00bb1&Prime; _builder_version=\u00a0\u00bb4.27.4&Prime; _module_preset=\u00a0\u00bbdefault\u00a0\u00bb global_colors_info=\u00a0\u00bb{}\u00a0\u00bb][et_pb_row _builder_version=\u00a0\u00bb4.27.4&Prime; _module_preset=\u00a0\u00bbdefault\u00a0\u00bb min_height=\u00a0\u00bb186px\u00a0\u00bb global_colors_info=\u00a0\u00bb{}\u00a0\u00bb][et_pb_column type=\u00a0\u00bb4_4&Prime; _builder_version=\u00a0\u00bb4.27.4&Prime; _module_preset=\u00a0\u00bbdefault\u00a0\u00bb global_colors_info=\u00a0\u00bb{}\u00a0\u00bb][et_pb_heading title=\u00a0\u00bbCorrections\u00a0\u00bb _builder_version=\u00a0\u00bb4.27.4&Prime; _module_preset=\u00a0\u00bbdefault\u00a0\u00bb title_font=\u00a0\u00bbHabibi|700|||||||\u00a0\u00bb global_colors_info=\u00a0\u00bb{}\u00a0\u00bb][\/et_pb_heading][et_pb_text _builder_version=\u00a0\u00bb4.27.4&Prime; _module_preset=\u00a0\u00bbdefault\u00a0\u00bb global_colors_info=\u00a0\u00bb{}\u00a0\u00bb]<\/p>\n<p>Voici les corrections des jeux 1 et 2 du concours Tchot Leu 2025<\/p>\n<p>[\/et_pb_text][et_pb_heading title=\u00a0\u00bbJeu 1&Prime; _builder_version=\u00a0\u00bb4.27.4&Prime; _module_preset=\u00a0\u00bbdefault\u00a0\u00bb title_font=\u00a0\u00bbHabibi|700|||||||\u00a0\u00bb global_colors_info=\u00a0\u00bb{}\u00a0\u00bb][\/et_pb_heading][et_pb_text _builder_version=\u00a0\u00bb4.27.4&Prime; _module_preset=\u00a0\u00bbdefault\u00a0\u00bb custom_padding=\u00a0\u00bb|262px|0px|247px||\u00a0\u00bb global_colors_info=\u00a0\u00bb{}\u00a0\u00bb]<\/p>\n<p>&nbsp;<\/p>\n<table border=\"1\" style=\"border-collapse: collapse; width: 100%; height: 144px;\">\n<tbody>\n<tr style=\"height: 24px;\">\n<td style=\"width: 50%; height: 24px;\"><img loading=\"lazy\" decoding=\"async\" src=\"https:\/\/concours2025.languepicarde.fr\/wp-content\/uploads\/2025\/02\/1.jpg\" width=\"95\" height=\"62\" alt=\"\" class=\"wp-image-49899 aligncenter size-full\" \/><\/td>\n<td style=\"width: 50%; height: 24px;\">Blanke<\/td>\n<\/tr>\n<tr style=\"height: 24px;\">\n<td style=\"width: 50%; height: 24px;\"><img loading=\"lazy\" decoding=\"async\" src=\"https:\/\/concours2025.languepicarde.fr\/wp-content\/uploads\/2025\/02\/2.jpg\" width=\"29\" height=\"58\" alt=\"\" class=\"wp-image-49900 aligncenter size-full\" \/><\/td>\n<td style=\"width: 50%; height: 24px;\">Keuch\u00e8tes ou Cauch\u00e8tes<\/td>\n<\/tr>\n<tr style=\"height: 24px;\">\n<td style=\"width: 50%; height: 24px;\"><img loading=\"lazy\" decoding=\"async\" src=\"https:\/\/concours2025.languepicarde.fr\/wp-content\/uploads\/2025\/02\/3.jpg\" width=\"104\" height=\"37\" alt=\"\" class=\"wp-image-49901 aligncenter size-full\" srcset=\"https:\/\/concours2025.languepicarde.fr\/wp-content\/uploads\/2025\/02\/3.jpg 155w, https:\/\/concours2025.languepicarde.fr\/wp-content\/uploads\/2025\/02\/3-150x55.jpg 150w\" sizes=\"(max-width: 104px) 100vw, 104px\" \/><\/td>\n<td style=\"width: 50%; height: 24px;\">Kapieu ou Capiau<\/td>\n<\/tr>\n<tr style=\"height: 24px;\">\n<td style=\"width: 50%; height: 24px;\"><img loading=\"lazy\" decoding=\"async\" src=\"https:\/\/concours2025.languepicarde.fr\/wp-content\/uploads\/2025\/02\/4.jpg\" width=\"61\" height=\"83\" alt=\"\" class=\"wp-image-49902 aligncenter size-full\" \/><\/td>\n<td style=\"width: 50%; height: 24px;\">Tayon ou Granp\u00e8re ou P\u00e9p\u00e8re<\/td>\n<\/tr>\n<tr style=\"height: 24px;\">\n<td style=\"width: 50%; height: 24px;\"><img loading=\"lazy\" decoding=\"async\" src=\"https:\/\/concours2025.languepicarde.fr\/wp-content\/uploads\/2025\/02\/5.jpg\" width=\"121\" height=\"49\" alt=\"\" class=\"wp-image-49903 aligncenter size-full\" srcset=\"https:\/\/concours2025.languepicarde.fr\/wp-content\/uploads\/2025\/02\/5.jpg 385w, https:\/\/concours2025.languepicarde.fr\/wp-content\/uploads\/2025\/02\/5-300x121.jpg 300w\" sizes=\"(max-width: 121px) 100vw, 121px\" \/><\/td>\n<td style=\"width: 50%; height: 24px;\">Rabillures ou Abillures ou Lokes<\/td>\n<\/tr>\n<tr style=\"height: 24px;\">\n<td style=\"width: 50%; height: 24px;\"><img loading=\"lazy\" decoding=\"async\" src=\"https:\/\/concours2025.languepicarde.fr\/wp-content\/uploads\/2025\/02\/6.jpg\" width=\"68\" height=\"49\" alt=\"\" class=\"wp-image-49904 aligncenter size-full\" \/><\/td>\n<td style=\"width: 50%; height: 24px;\">Keuchures ou Cauchures<\/td>\n<\/tr>\n<\/tbody>\n<\/table>\n<p>[\/et_pb_text][\/et_pb_column][\/et_pb_row][et_pb_row _builder_version=\u00a0\u00bb4.27.4&Prime; _module_preset=\u00a0\u00bbdefault\u00a0\u00bb column_structure=\u00a0\u00bb1_2,1_2&Prime;][et_pb_column _builder_version=\u00a0\u00bb4.27.4&Prime; _module_preset=\u00a0\u00bbdefault\u00a0\u00bb type=\u00a0\u00bb1_2&Prime;][et_pb_image src=\u00a0\u00bbhttp:\/\/concours2025.languepicarde.fr\/wp-content\/uploads\/2025\/07\/Jeu1-correction1-1.png\u00a0\u00bb _builder_version=\u00a0\u00bb4.27.4&Prime; _module_preset=\u00a0\u00bbdefault\u00a0\u00bb url=\u00a0\u00bbhttp:\/\/concours2025.languepicarde.fr\/wp-content\/uploads\/2025\/07\/Jeu1-correction1.png\u00a0\u00bb hover_enabled=\u00a0\u00bb0&Prime; sticky_enabled=\u00a0\u00bb0&Prime; title_text=\u00a0\u00bbJeu1 correction1&Prime;][\/et_pb_image][\/et_pb_column][et_pb_column _builder_version=\u00a0\u00bb4.27.4&Prime; _module_preset=\u00a0\u00bbdefault\u00a0\u00bb type=\u00a0\u00bb1_2&Prime;][et_pb_image src=\u00a0\u00bbhttp:\/\/concours2025.languepicarde.fr\/wp-content\/uploads\/2025\/07\/Jeu1-correction2-1.png\u00a0\u00bb _builder_version=\u00a0\u00bb4.27.4&Prime; _module_preset=\u00a0\u00bbdefault\u00a0\u00bb title_text=\u00a0\u00bbJeu1 correction2&Prime; hover_enabled=\u00a0\u00bb0&Prime; sticky_enabled=\u00a0\u00bb0&Prime;][\/et_pb_image][\/et_pb_column][\/et_pb_row][et_pb_row _builder_version=\u00a0\u00bb4.27.4&Prime; _module_preset=\u00a0\u00bbdefault\u00a0\u00bb hover_enabled=\u00a0\u00bb0&Prime; sticky_enabled=\u00a0\u00bb0&Prime;][et_pb_column _builder_version=\u00a0\u00bb4.27.4&Prime; _module_preset=\u00a0\u00bbdefault\u00a0\u00bb type=\u00a0\u00bb4_4&Prime;][et_pb_heading title=\u00a0\u00bbJeu 2&Prime; _builder_version=\u00a0\u00bb4.27.4&Prime; _module_preset=\u00a0\u00bbdefault\u00a0\u00bb title_font=\u00a0\u00bbHabibi|700|||||||\u00a0\u00bb hover_enabled=\u00a0\u00bb0&Prime; global_colors_info=\u00a0\u00bb{}\u00a0\u00bb locked=\u00a0\u00bboff\u00a0\u00bb sticky_enabled=\u00a0\u00bb0&Prime;][\/et_pb_heading][\/et_pb_column][\/et_pb_row][et_pb_row _builder_version=\u00a0\u00bb4.27.4&Prime; _module_preset=\u00a0\u00bbdefault\u00a0\u00bb][et_pb_column _builder_version=\u00a0\u00bb4.27.4&Prime; _module_preset=\u00a0\u00bbdefault\u00a0\u00bb type=\u00a0\u00bb4_4&Prime;][et_pb_image src=\u00a0\u00bbhttp:\/\/concours2025.languepicarde.fr\/wp-content\/uploads\/2025\/07\/Jeu2-correction1.png\u00a0\u00bb _builder_version=\u00a0\u00bb4.27.4&Prime; _module_preset=\u00a0\u00bbdefault\u00a0\u00bb title_text=\u00a0\u00bbJeu2 correction1&Prime; hover_enabled=\u00a0\u00bb0&Prime; sticky_enabled=\u00a0\u00bb0&Prime;][\/et_pb_image][\/et_pb_column][\/et_pb_row][et_pb_row _builder_version=\u00a0\u00bb4.27.4&Prime; _module_preset=\u00a0\u00bbdefault\u00a0\u00bb][et_pb_column _builder_version=\u00a0\u00bb4.27.4&Prime; _module_preset=\u00a0\u00bbdefault\u00a0\u00bb type=\u00a0\u00bb4_4&Prime;][et_pb_text _builder_version=\u00a0\u00bb4.27.4&Prime; _module_preset=\u00a0\u00bbdefault\u00a0\u00bb text_text_color=\u00a0\u00bb#364B99&Prime; text_font=\u00a0\u00bb|||on|||||\u00a0\u00bb text_font_size=\u00a0\u00bb25px\u00a0\u00bb hover_enabled=\u00a0\u00bb0&Prime; sticky_enabled=\u00a0\u00bb0&Prime;]             \u00c9preuve 2[\/et_pb_text][\/et_pb_column][\/et_pb_row][et_pb_row _builder_version=\u00a0\u00bb4.27.4&Prime; _module_preset=\u00a0\u00bbdefault\u00a0\u00bb][et_pb_column _builder_version=\u00a0\u00bb4.27.4&Prime; _module_preset=\u00a0\u00bbdefault\u00a0\u00bb type=\u00a0\u00bb4_4&Prime;][et_pb_image src=\u00a0\u00bbhttp:\/\/concours2025.languepicarde.fr\/wp-content\/uploads\/2025\/07\/Jeu2-correction-2.jpg\u00a0\u00bb _builder_version=\u00a0\u00bb4.27.4&Prime; _module_preset=\u00a0\u00bbdefault\u00a0\u00bb title_text=\u00a0\u00bbJeu2 correction 2&Prime; hover_enabled=\u00a0\u00bb0&Prime; sticky_enabled=\u00a0\u00bb0&Prime;][\/et_pb_image][\/et_pb_column][\/et_pb_row][\/et_pb_section]<\/p>\n","protected":false},"excerpt":{"rendered":"<p>Voici les corrections des jeux 1 et 2 du concours Tchot Leu 2025&nbsp; Blanke Keuch\u00e8tes ou Cauch\u00e8tes Kapieu ou Capiau Tayon ou Granp\u00e8re ou P\u00e9p\u00e8re Rabillures ou Abillures ou Lokes Keuchures ou Cauchures \u00c9preuve 2<\/p>\n","protected":false},"author":1,"featured_media":0,"parent":0,"menu_order":0,"comment_status":"closed","ping_status":"closed","template":"","meta":{"_et_pb_use_builder":"on","_et_pb_old_content":"","_et_gb_content_width":"","footnotes":""},"class_list":["post-49349","page","type-page","status-publish","hentry"],"_links":{"self":[{"href":"https:\/\/concours2025.languepicarde.fr\/index.php\/wp-json\/wp\/v2\/pages\/49349","targetHints":{"allow":["GET"]}}],"collection":[{"href":"https:\/\/concours2025.languepicarde.fr\/index.php\/wp-json\/wp\/v2\/pages"}],"about":[{"href":"https:\/\/concours2025.languepicarde.fr\/index.php\/wp-json\/wp\/v2\/types\/page"}],"author":[{"embeddable":true,"href":"https:\/\/concours2025.languepicarde.fr\/index.php\/wp-json\/wp\/v2\/users\/1"}],"replies":[{"embeddable":true,"href":"https:\/\/concours2025.languepicarde.fr\/index.php\/wp-json\/wp\/v2\/comments?post=49349"}],"version-history":[{"count":4,"href":"https:\/\/concours2025.languepicarde.fr\/index.php\/wp-json\/wp\/v2\/pages\/49349\/revisions"}],"predecessor-version":[{"id":50069,"href":"https:\/\/concours2025.languepicarde.fr\/index.php\/wp-json\/wp\/v2\/pages\/49349\/revisions\/50069"}],"wp:attachment":[{"href":"https:\/\/concours2025.languepicarde.fr\/index.php\/wp-json\/wp\/v2\/media?parent=49349"}],"curies":[{"name":"wp","href":"https:\/\/api.w.org\/{rel}","templated":true}]}}