{"id":52,"date":"2024-03-07T20:23:19","date_gmt":"2024-03-07T19:23:19","guid":{"rendered":"https:\/\/concours2024.languepicarde.fr\/?page_id=52"},"modified":"2025-02-23T18:52:55","modified_gmt":"2025-02-23T17:52:55","slug":"inscription-2025","status":"publish","type":"page","link":"https:\/\/concours2025.languepicarde.fr\/index.php\/inscription-2025\/","title":{"rendered":"Inscription"},"content":{"rendered":"\n[et_pb_section fb_built=\u00a0\u00bb1&Prime; _builder_version=\u00a0\u00bb4.24.0&Prime; _module_preset=\u00a0\u00bbdefault\u00a0\u00bb global_colors_info=\u00a0\u00bb{}\u00a0\u00bb][et_pb_row _builder_version=\u00a0\u00bb4.24.0&Prime; _module_preset=\u00a0\u00bbdefault\u00a0\u00bb global_colors_info=\u00a0\u00bb{}\u00a0\u00bb][et_pb_column type=\u00a0\u00bb4_4&Prime; _builder_version=\u00a0\u00bb4.24.0&Prime; _module_preset=\u00a0\u00bbdefault\u00a0\u00bb global_colors_info=\u00a0\u00bb{}\u00a0\u00bb][et_pb_heading title=\u00a0\u00bbMerci de remplir le formulaire d&rsquo;inscription\u00a0\u00bb _builder_version=\u00a0\u00bb4.24.2&Prime; _module_preset=\u00a0\u00bb6bd0ccd2-c728-4bb8-99f8-d76eb03f7d76&Prime; global_colors_info=\u00a0\u00bb{}\u00a0\u00bb][\/et_pb_heading][et_pb_text _builder_version=\u00a0\u00bb4.24.2&Prime; _module_preset=\u00a0\u00bb4acc861e-e8cd-41bd-882d-303fa37888c9&Prime; text_font=\u00a0\u00bbABeeZee|||||||#1644DA|\u00a0\u00bb text_text_color=\u00a0\u00bb#000000&Prime; text_font_size=\u00a0\u00bb19px\u00a0\u00bb link_text_color=\u00a0\u00bbgcid-c9ec881e-ca46-4387-bf7a-f2b34d8141ee\u00a0\u00bb custom_margin=\u00a0\u00bb||32px||false|false\u00a0\u00bb locked=\u00a0\u00bboff\u00a0\u00bb global_colors_info=\u00a0\u00bb{%22gcid-c9ec881e-ca46-4387-bf7a-f2b34d8141ee%22:%91%22link_text_color%22%93}\u00a0\u00bb]<p>Une fois compl\u00e9t\u00e9, envoyez-le \u00e0 Tchot Leu en appuyant le bouton \u00ab\u00a0Invoyer\u00a0\u00bb.<\/p>\n<p>Apr\u00e8s avoir appuy\u00e9, vous devriez voir un message de confirmation. Si tel n&rsquo;est pas le cas alors remontez dans la fen\u00eatre pour r\u00e9viser les informations entr\u00e9es.<\/p>\n<p>Si vous remarquez un cadre en rouge dans le formulaire, c&rsquo;est qu&rsquo;une information est mal entr\u00e9e. Vous devez rectifier cette information pour pouvoir soumettre votre inscription.<\/p>\n<p>Si par contre, apr\u00e8s une seconde tentative, il ne se passe rien et que aucune information n&rsquo;est encadr\u00e9e en rouge, alors nous avons un souci technique. Envoyez-nous un message.<\/p>\n<p>Tchot Leu vous souhaite bonne chance, quant \u00e0 elle, l&rsquo;ARLP vous remercie pour votre participation et de contribuer \u00e0 la promotion du picard.<\/p>[\/et_pb_text][et_pb_text _builder_version=\u00a0\u00bb4.24.2&Prime; _module_preset=\u00a0\u00bb4acc861e-e8cd-41bd-882d-303fa37888c9&Prime; text_font=\u00a0\u00bb|||||||#1644DA|\u00a0\u00bb text_text_color=\u00a0\u00bb#000000&Prime; text_font_size=\u00a0\u00bb19px\u00a0\u00bb link_text_color=\u00a0\u00bbgcid-c9ec881e-ca46-4387-bf7a-f2b34d8141ee\u00a0\u00bb custom_margin=\u00a0\u00bb||32px||false|false\u00a0\u00bb locked=\u00a0\u00bboff\u00a0\u00bb global_colors_info=\u00a0\u00bb{%22gcid-c9ec881e-ca46-4387-bf7a-f2b34d8141ee%22:%91%22link_text_color%22%93}\u00a0\u00bb]<p>Os avez-ti \u00e8ne question ? Os avez-ti \u00e8ne intrave ? Invoyez \u00e8ne e-lette \u00e0\u00a0 <a href=\"mailto:concours.tchot.leu@languepicarde.fr\">concours.tchot.leu@languepicarde.fr<\/a><\/p>[\/et_pb_text][et_pb_contact_form use_spam_service=\u00a0\u00bbon\u00a0\u00bb recaptcha_list=\u00a0\u00bbDefault|Default-0&Prime; email=\u00a0\u00bbconcours.tchot.leu@languepicarde.fr\u00a0\u00bb title=\u00a0\u00bbFormulaire d&rsquo;inscription\u00a0\u00bb custom_message=\u00a0\u00bbSalut Tchot Leu,||et_pb_line_break_holder||||et_pb_line_break_holder||Mes tchots pis mi, os sonmes fin pr\u00eats.||et_pb_line_break_holder||||et_pb_line_break_holder||Marist\u00e8r: %%marister%%||et_pb_line_break_holder||Finfone: %%finfone%%||et_pb_line_break_holder||\u00c9-lette: %%courriel%%||et_pb_line_break_holder||||et_pb_line_break_holder||\u00c9cole: %%ecole%%||et_pb_line_break_holder||Aderche: %%aderche%%||et_pb_line_break_holder||Classe: %%classe%%||et_pb_line_break_holder||Classe ed combien: %%nombre%%||et_pb_line_break_holder||||et_pb_line_break_holder||Si j&rsquo;o bzoin dech&rsquo;dictionn\u00e8r? %%dictionnaire%%||et_pb_line_break_holder||||et_pb_line_break_holder||Si j&rsquo;o li ech r\u00e9glemint:%%reglement%%||et_pb_line_break_holder||||et_pb_line_break_holder||In tiot mot: ||et_pb_line_break_holder||%%tiot_mot%%||et_pb_line_break_holder||||et_pb_line_break_holder||Amiteusemint,||et_pb_line_break_holder||||et_pb_line_break_holder||%%marister%%\u00a0\u00bb use_redirect=\u00a0\u00bbon\u00a0\u00bb redirect_url=\u00a0\u00bbhttps:\/\/concours2025.languepicarde.fr\/index.php\/inscription-envoyee\/\u00a0\u00bb submit_button_text=\u00a0\u00bbInvoyer &#8211; Envoyer\u00a0\u00bb module_class=\u00a0\u00bbpi_message\u00a0\u00bb _builder_version=\u00a0\u00bb4.27.4&Prime; _module_preset=\u00a0\u00bb_initial\u00a0\u00bb form_field_background_color=\u00a0\u00bb#FFFFFF\u00a0\u00bb form_field_text_color=\u00a0\u00bbgcid-cb667412-e529-418a-a747-627187b801a6&Prime; form_field_focus_background_color=\u00a0\u00bb#FFFFFF\u00a0\u00bb form_field_focus_text_color=\u00a0\u00bbgcid-bb4693a3-fb0c-4336-abb9-0dd213341d48&Prime; title_font=\u00a0\u00bbABeeZee|700|||||||\u00a0\u00bb title_text_align=\u00a0\u00bbleft\u00a0\u00bb title_text_color=\u00a0\u00bb#0c71c3&Prime; title_font_size=\u00a0\u00bb30px\u00a0\u00bb form_field_font=\u00a0\u00bbABeeZee||||||||\u00a0\u00bb custom_button=\u00a0\u00bbon\u00a0\u00bb button_text_color=\u00a0\u00bbgcid-bb4693a3-fb0c-4336-abb9-0dd213341d48&Prime; button_bg_color=\u00a0\u00bbgcid-cb667412-e529-418a-a747-627187b801a6&Prime; width=\u00a0\u00bb100%\u00a0\u00bb max_width=\u00a0\u00bb100%\u00a0\u00bb module_alignment=\u00a0\u00bbleft\u00a0\u00bb animation_style=\u00a0\u00bbfold\u00a0\u00bb hover_enabled=\u00a0\u00bb0&Prime; custom_css_free_form=\u00a0\u00bb.pi_message .et-pb-contact-message, .pi_message .et-pb-contact-message * {||font-size: 20px;||line-height: 35px;||color: #ff0000;||}\u00a0\u00bb border_radii=\u00a0\u00bbon|3px|3px|3px|3px\u00a0\u00bb border_color_all=\u00a0\u00bbgcid-bb4693a3-fb0c-4336-abb9-0dd213341d48&Prime; locked=\u00a0\u00bboff\u00a0\u00bb global_colors_info=\u00a0\u00bb{%22gcid-c9ec881e-ca46-4387-bf7a-f2b34d8141ee%22:%91%22button_border_color%22%93,%22gcid-bb4693a3-fb0c-4336-abb9-0dd213341d48%22:%91%22button_text_color%22,%22form_field_focus_text_color%22,%22border_color_all%22%93,%22gcid-cb667412-e529-418a-a747-627187b801a6%22:%91%22button_bg_color%22,%22form_field_text_color%22%93}\u00a0\u00bb sticky_enabled=\u00a0\u00bb0&Prime;][et_pb_contact_field field_id=\u00a0\u00bbmarister\u00a0\u00bb field_title=\u00a0\u00bbMarist\u00e9r &#8211; Enseignant\u00a0\u00bb max_length=\u00a0\u00bb50&Prime; fullwidth_field=\u00a0\u00bbon\u00a0\u00bb _builder_version=\u00a0\u00bb4.27.4&Prime; _module_preset=\u00a0\u00bbdefault\u00a0\u00bb width=\u00a0\u00bb50%\u00a0\u00bb max_width=\u00a0\u00bb50%\u00a0\u00bb border_width_all=\u00a0\u00bb3px\u00a0\u00bb global_colors_info=\u00a0\u00bb{%22gcid-bb4693a3-fb0c-4336-abb9-0dd213341d48%22:%91%22border_color_all%22%93}\u00a0\u00bb][\/et_pb_contact_field][et_pb_contact_field field_id=\u00a0\u00bbcourriel\u00a0\u00bb field_title=\u00a0\u00bb\u00c9-aderche &#8211; Adresse courriel\u00a0\u00bb field_type=\u00a0\u00bbemail\u00a0\u00bb _builder_version=\u00a0\u00bb4.24.2&Prime; _module_preset=\u00a0\u00bbdefault\u00a0\u00bb border_width_all=\u00a0\u00bb3px\u00a0\u00bb global_colors_info=\u00a0\u00bb{%22gcid-bb4693a3-fb0c-4336-abb9-0dd213341d48%22:%91%22border_color_all%22%93}\u00a0\u00bb button_text_size__hover_enabled=\u00a0\u00bboff\u00a0\u00bb button_one_text_size__hover_enabled=\u00a0\u00bboff\u00a0\u00bb button_two_text_size__hover_enabled=\u00a0\u00bboff\u00a0\u00bb button_text_color__hover_enabled=\u00a0\u00bboff\u00a0\u00bb button_one_text_color__hover_enabled=\u00a0\u00bboff\u00a0\u00bb button_two_text_color__hover_enabled=\u00a0\u00bboff\u00a0\u00bb button_border_width__hover_enabled=\u00a0\u00bboff\u00a0\u00bb button_one_border_width__hover_enabled=\u00a0\u00bboff\u00a0\u00bb button_two_border_width__hover_enabled=\u00a0\u00bboff\u00a0\u00bb button_border_color__hover_enabled=\u00a0\u00bboff\u00a0\u00bb button_one_border_color__hover_enabled=\u00a0\u00bboff\u00a0\u00bb button_two_border_color__hover_enabled=\u00a0\u00bboff\u00a0\u00bb button_border_radius__hover_enabled=\u00a0\u00bboff\u00a0\u00bb button_one_border_radius__hover_enabled=\u00a0\u00bboff\u00a0\u00bb button_two_border_radius__hover_enabled=\u00a0\u00bboff\u00a0\u00bb button_letter_spacing__hover_enabled=\u00a0\u00bboff\u00a0\u00bb button_one_letter_spacing__hover_enabled=\u00a0\u00bboff\u00a0\u00bb button_two_letter_spacing__hover_enabled=\u00a0\u00bboff\u00a0\u00bb button_bg_color__hover_enabled=\u00a0\u00bboff\u00a0\u00bb button_one_bg_color__hover_enabled=\u00a0\u00bboff\u00a0\u00bb button_two_bg_color__hover_enabled=\u00a0\u00bboff\u00a0\u00bb][\/et_pb_contact_field][et_pb_contact_field field_id=\u00a0\u00bbfinfone\u00a0\u00bb field_title=\u00a0\u00bbFinfone &#8211; T\u00e9l\u00e9phone (portable de pr\u00e9f\u00e9rence)\u00a0\u00bb max_length=\u00a0\u00bb15&Prime; fullwidth_field=\u00a0\u00bbon\u00a0\u00bb _builder_version=\u00a0\u00bb4.24.0&Prime; _module_preset=\u00a0\u00bbdefault\u00a0\u00bb width=\u00a0\u00bb50%\u00a0\u00bb max_width=\u00a0\u00bb50%\u00a0\u00bb border_width_all=\u00a0\u00bb3px\u00a0\u00bb global_colors_info=\u00a0\u00bb{%22gcid-bb4693a3-fb0c-4336-abb9-0dd213341d48%22:%91%22border_color_all%22%93}\u00a0\u00bb][\/et_pb_contact_field][et_pb_contact_field field_id=\u00a0\u00bbecole\u00a0\u00bb field_title=\u00a0\u00bb\u00c9cole\u00a0\u00bb _builder_version=\u00a0\u00bb4.24.2&Prime; _module_preset=\u00a0\u00bbdefault\u00a0\u00bb border_width_all=\u00a0\u00bb3px\u00a0\u00bb global_colors_info=\u00a0\u00bb{%22gcid-bb4693a3-fb0c-4336-abb9-0dd213341d48%22:%91%22border_color_all%22%93}\u00a0\u00bb button_text_size__hover_enabled=\u00a0\u00bboff\u00a0\u00bb button_one_text_size__hover_enabled=\u00a0\u00bboff\u00a0\u00bb button_two_text_size__hover_enabled=\u00a0\u00bboff\u00a0\u00bb button_text_color__hover_enabled=\u00a0\u00bboff\u00a0\u00bb button_one_text_color__hover_enabled=\u00a0\u00bboff\u00a0\u00bb button_two_text_color__hover_enabled=\u00a0\u00bboff\u00a0\u00bb button_border_width__hover_enabled=\u00a0\u00bboff\u00a0\u00bb button_one_border_width__hover_enabled=\u00a0\u00bboff\u00a0\u00bb button_two_border_width__hover_enabled=\u00a0\u00bboff\u00a0\u00bb button_border_color__hover_enabled=\u00a0\u00bboff\u00a0\u00bb button_one_border_color__hover_enabled=\u00a0\u00bboff\u00a0\u00bb button_two_border_color__hover_enabled=\u00a0\u00bboff\u00a0\u00bb button_border_radius__hover_enabled=\u00a0\u00bboff\u00a0\u00bb button_one_border_radius__hover_enabled=\u00a0\u00bboff\u00a0\u00bb button_two_border_radius__hover_enabled=\u00a0\u00bboff\u00a0\u00bb button_letter_spacing__hover_enabled=\u00a0\u00bboff\u00a0\u00bb button_one_letter_spacing__hover_enabled=\u00a0\u00bboff\u00a0\u00bb button_two_letter_spacing__hover_enabled=\u00a0\u00bboff\u00a0\u00bb button_bg_color__hover_enabled=\u00a0\u00bboff\u00a0\u00bb button_one_bg_color__hover_enabled=\u00a0\u00bboff\u00a0\u00bb button_two_bg_color__hover_enabled=\u00a0\u00bboff\u00a0\u00bb][\/et_pb_contact_field][et_pb_contact_field field_id=\u00a0\u00bbaderche\u00a0\u00bb field_title=\u00a0\u00bbAderche d\u00e9 chl&rsquo;\u00e9cole &#8211; Adresse de l&rsquo;\u00e9cole\u00a0\u00bb field_type=\u00a0\u00bbtext\u00a0\u00bb fullwidth_field=\u00a0\u00bbon\u00a0\u00bb _builder_version=\u00a0\u00bb4.24.2&Prime; _module_preset=\u00a0\u00bbdefault\u00a0\u00bb border_width_all=\u00a0\u00bb3px\u00a0\u00bb border_color_all=\u00a0\u00bb#93C01F\u00a0\u00bb global_colors_info=\u00a0\u00bb{}\u00a0\u00bb][\/et_pb_contact_field][et_pb_contact_field field_id=\u00a0\u00bbclasse\u00a0\u00bb field_title=\u00a0\u00bbClasse\u00a0\u00bb field_type=\u00a0\u00bbselect\u00a0\u00bb select_options=\u00a0\u00bb%91{%22value%22:%22CE2%22,%22checked%22:0,%22dragID%22:0},{%22value%22:%22CM1%22,%22checked%22:0,%22dragID%22:1},{%22value%22:%22CM2%22,%22checked%22:0,%22dragID%22:2}%93&Prime; fullwidth_field=\u00a0\u00bbon\u00a0\u00bb _builder_version=\u00a0\u00bb4.24.2&Prime; _module_preset=\u00a0\u00bbdefault\u00a0\u00bb width=\u00a0\u00bb25%\u00a0\u00bb border_width_all=\u00a0\u00bb3px\u00a0\u00bb global_colors_info=\u00a0\u00bb{%22gcid-bb4693a3-fb0c-4336-abb9-0dd213341d48%22:%91%22border_color_all%22%93}\u00a0\u00bb][\/et_pb_contact_field][et_pb_contact_field field_id=\u00a0\u00bbnombre\u00a0\u00bb field_title=\u00a0\u00bbCombin d&rsquo;tchots &#8211; Nombre d&rsquo;\u00e9l\u00e8ves\u00a0\u00bb max_length=\u00a0\u00bb20&Prime; allowed_symbols=\u00a0\u00bbnumbers\u00a0\u00bb fullwidth_field=\u00a0\u00bbon\u00a0\u00bb _builder_version=\u00a0\u00bb4.24.2&Prime; _module_preset=\u00a0\u00bbdefault\u00a0\u00bb width=\u00a0\u00bb25%\u00a0\u00bb border_width_all=\u00a0\u00bb3px\u00a0\u00bb global_colors_info=\u00a0\u00bb{%22gcid-bb4693a3-fb0c-4336-abb9-0dd213341d48%22:%91%22border_color_all%22%93}\u00a0\u00bb][\/et_pb_contact_field][et_pb_contact_field field_id=\u00a0\u00bbtiot_mot\u00a0\u00bb field_title=\u00a0\u00bbTchot mot &#8211; Message\u00a0\u00bb field_type=\u00a0\u00bbtext\u00a0\u00bb required_mark=\u00a0\u00bboff\u00a0\u00bb fullwidth_field=\u00a0\u00bbon\u00a0\u00bb _builder_version=\u00a0\u00bb4.24.2&Prime; _module_preset=\u00a0\u00bbdefault\u00a0\u00bb border_width_all=\u00a0\u00bb3px\u00a0\u00bb global_colors_info=\u00a0\u00bb{%22gcid-bb4693a3-fb0c-4336-abb9-0dd213341d48%22:%91%22border_color_all%22%93}\u00a0\u00bb button_text_size__hover_enabled=\u00a0\u00bboff\u00a0\u00bb button_one_text_size__hover_enabled=\u00a0\u00bboff\u00a0\u00bb button_two_text_size__hover_enabled=\u00a0\u00bboff\u00a0\u00bb button_text_color__hover_enabled=\u00a0\u00bboff\u00a0\u00bb button_one_text_color__hover_enabled=\u00a0\u00bboff\u00a0\u00bb button_two_text_color__hover_enabled=\u00a0\u00bboff\u00a0\u00bb button_border_width__hover_enabled=\u00a0\u00bboff\u00a0\u00bb button_one_border_width__hover_enabled=\u00a0\u00bboff\u00a0\u00bb button_two_border_width__hover_enabled=\u00a0\u00bboff\u00a0\u00bb button_border_color__hover_enabled=\u00a0\u00bboff\u00a0\u00bb button_one_border_color__hover_enabled=\u00a0\u00bboff\u00a0\u00bb button_two_border_color__hover_enabled=\u00a0\u00bboff\u00a0\u00bb button_border_radius__hover_enabled=\u00a0\u00bboff\u00a0\u00bb button_one_border_radius__hover_enabled=\u00a0\u00bboff\u00a0\u00bb button_two_border_radius__hover_enabled=\u00a0\u00bboff\u00a0\u00bb button_letter_spacing__hover_enabled=\u00a0\u00bboff\u00a0\u00bb button_one_letter_spacing__hover_enabled=\u00a0\u00bboff\u00a0\u00bb button_two_letter_spacing__hover_enabled=\u00a0\u00bboff\u00a0\u00bb button_bg_color__hover_enabled=\u00a0\u00bboff\u00a0\u00bb button_one_bg_color__hover_enabled=\u00a0\u00bboff\u00a0\u00bb button_two_bg_color__hover_enabled=\u00a0\u00bboff\u00a0\u00bb][\/et_pb_contact_field][et_pb_contact_field field_id=\u00a0\u00bbdictionnaire\u00a0\u00bb field_title=\u00a0\u00bbOs avez-ti bzon du diccionnoaire fondamintal ? Avez-vous besoin du dictionnaire fondamental ?\u00a0\u00bb field_type=\u00a0\u00bbradio\u00a0\u00bb radio_options=\u00a0\u00bb%91{%22value%22:%22Si\u00e9\/Oui%22,%22checked%22:1,%22dragID%22:-1},{%22value%22:%22Nan\/Non%22,%22checked%22:0,%22dragID%22:0}%93&Prime; fullwidth_field=\u00a0\u00bbon\u00a0\u00bb _builder_version=\u00a0\u00bb4.27.4&Prime; _module_preset=\u00a0\u00bbdefault\u00a0\u00bb form_field_background_color=\u00a0\u00bb#93C01F\u00a0\u00bb hover_enabled=\u00a0\u00bb0&Prime; global_colors_info=\u00a0\u00bb{}\u00a0\u00bb sticky_enabled=\u00a0\u00bb0&Prime;][\/et_pb_contact_field][et_pb_contact_field field_id=\u00a0\u00bbreglement\u00a0\u00bb field_title=\u00a0\u00bbOs avez-ti li ch&rsquo;r\u00e9gl\u00e9mint ? Avez-vous pris connaissance du r\u00e9glement ?\u00a0\u00bb field_type=\u00a0\u00bbcheckbox\u00a0\u00bb checkbox_options=\u00a0\u00bb%91{%22value%22:%22Si\u00e9\/Oui%22,%22checked%22:0,%22dragID%22:-1}%93&Prime; fullwidth_field=\u00a0\u00bbon\u00a0\u00bb _builder_version=\u00a0\u00bb4.27.4&Prime; _module_preset=\u00a0\u00bbdefault\u00a0\u00bb form_field_background_color=\u00a0\u00bb#93C01F\u00a0\u00bb form_field_text_color=\u00a0\u00bb#364B99&Prime; form_field_focus_background_color=\u00a0\u00bb#93C01F\u00a0\u00bb form_field_focus_text_color=\u00a0\u00bb#364B99&Prime; hover_enabled=\u00a0\u00bb0&Prime; global_colors_info=\u00a0\u00bb{}\u00a0\u00bb sticky_enabled=\u00a0\u00bb0&Prime;][\/et_pb_contact_field][\/et_pb_contact_form][\/et_pb_column][\/et_pb_row][\/et_pb_section]\n","protected":false},"excerpt":{"rendered":"<p>Une fois compl\u00e9t\u00e9, envoyez-le \u00e0 Tchot Leu en appuyant le bouton \u00ab\u00a0Invoyer\u00a0\u00bb. Apr\u00e8s avoir appuy\u00e9, vous devriez voir un message de confirmation. Si tel n&rsquo;est pas le cas alors remontez dans la fen\u00eatre pour r\u00e9viser les informations entr\u00e9es. Si vous remarquez un cadre en rouge dans le formulaire, c&rsquo;est qu&rsquo;une information est mal entr\u00e9e. Vous [&hellip;]<\/p>\n","protected":false},"author":1,"featured_media":0,"parent":0,"menu_order":0,"comment_status":"closed","ping_status":"closed","template":"","meta":{"_et_pb_use_builder":"on","_et_pb_old_content":"","_et_gb_content_width":"","footnotes":""},"class_list":["post-52","page","type-page","status-publish","hentry"],"_links":{"self":[{"href":"https:\/\/concours2025.languepicarde.fr\/index.php\/wp-json\/wp\/v2\/pages\/52","targetHints":{"allow":["GET"]}}],"collection":[{"href":"https:\/\/concours2025.languepicarde.fr\/index.php\/wp-json\/wp\/v2\/pages"}],"about":[{"href":"https:\/\/concours2025.languepicarde.fr\/index.php\/wp-json\/wp\/v2\/types\/page"}],"author":[{"embeddable":true,"href":"https:\/\/concours2025.languepicarde.fr\/index.php\/wp-json\/wp\/v2\/users\/1"}],"replies":[{"embeddable":true,"href":"https:\/\/concours2025.languepicarde.fr\/index.php\/wp-json\/wp\/v2\/comments?post=52"}],"version-history":[{"count":82,"href":"https:\/\/concours2025.languepicarde.fr\/index.php\/wp-json\/wp\/v2\/pages\/52\/revisions"}],"predecessor-version":[{"id":50011,"href":"https:\/\/concours2025.languepicarde.fr\/index.php\/wp-json\/wp\/v2\/pages\/52\/revisions\/50011"}],"wp:attachment":[{"href":"https:\/\/concours2025.languepicarde.fr\/index.php\/wp-json\/wp\/v2\/media?parent=52"}],"curies":[{"name":"wp","href":"https:\/\/api.w.org\/{rel}","templated":true}]}}